{"id":5280,"date":"2022-09-08T20:28:42","date_gmt":"2022-09-08T18:28:42","guid":{"rendered":"https:\/\/orleansprestigegardensheds.com\/?page_id=5280"},"modified":"2023-03-03T13:30:22","modified_gmt":"2023-03-03T18:30:22","slug":"garages-portes-simples","status":"publish","type":"page","link":"https:\/\/orleansprestigegardensheds.com\/fr\/garages-portes-simples\/","title":{"rendered":"Garages portes simples"},"content":{"rendered":"\t\t<div data-elementor-type=\"wp-page\" data-elementor-id=\"5280\" class=\"elementor elementor-5280\" data-elementor-post-type=\"page\">\n\t\t\t\t\t\t<section class=\"elementor-section elementor-top-section elementor-element elementor-element-9ab8538 elementor-section-full_width elementor-section-stretched elementor-section-height-default elementor-section-height-default\" data-id=\"9ab8538\" data-element_type=\"section\" data-e-type=\"section\" data-settings=\"{&quot;stretch_section&quot;:&quot;section-stretched&quot;}\">\n\t\t\t\t\t\t<div class=\"elementor-container elementor-column-gap-default\">\n\t\t\t\t\t<div class=\"elementor-column elementor-col-50 elementor-top-column elementor-element elementor-element-82f3602\" data-id=\"82f3602\" data-element_type=\"column\" data-e-type=\"column\">\n\t\t\t<div class=\"elementor-widget-wrap elementor-element-populated\">\n\t\t\t\t\t\t<div class=\"elementor-element elementor-element-52de5bb elementor-widget elementor-widget-image\" data-id=\"52de5bb\" data-element_type=\"widget\" data-e-type=\"widget\" data-widget_type=\"image.default\">\n\t\t\t\t<div class=\"elementor-widget-container\">\n\t\t\t\t\t\t\t\t\t\t\t\t\t\t\t<img fetchpriority=\"high\" decoding=\"async\" width=\"1024\" height=\"768\" src=\"https:\/\/orleansprestigegardensheds.com\/wp-content\/uploads\/2022\/09\/garage-simple-orleansprestige-13.jpg\" class=\"attachment-large size-large wp-image-5231\" alt=\"\" srcset=\"https:\/\/orleansprestigegardensheds.com\/wp-content\/uploads\/2022\/09\/garage-simple-orleansprestige-13.jpg 1024w, https:\/\/orleansprestigegardensheds.com\/wp-content\/uploads\/2022\/09\/garage-simple-orleansprestige-13-300x225.jpg 300w\" sizes=\"(max-width: 1024px) 100vw, 1024px\" \/>\t\t\t\t\t\t\t\t\t\t\t\t\t\t\t<\/div>\n\t\t\t\t<\/div>\n\t\t\t\t\t<\/div>\n\t\t<\/div>\n\t\t\t\t<div class=\"elementor-column elementor-col-50 elementor-top-column elementor-element elementor-element-a113eb6\" data-id=\"a113eb6\" data-element_type=\"column\" data-e-type=\"column\">\n\t\t\t<div class=\"elementor-widget-wrap elementor-element-populated\">\n\t\t\t\t\t\t<div class=\"elementor-element elementor-element-0b1dd5d elementor-widget elementor-widget-heading\" data-id=\"0b1dd5d\" data-element_type=\"widget\" data-e-type=\"widget\" data-widget_type=\"heading.default\">\n\t\t\t\t<div class=\"elementor-widget-container\">\n\t\t\t\t\t<h2 class=\"elementor-heading-title elementor-size-default\">Nos garages<\/h2>\t\t\t\t<\/div>\n\t\t\t\t<\/div>\n\t\t\t\t<div class=\"elementor-element elementor-element-feac491 elementor-widget elementor-widget-text-editor\" data-id=\"feac491\" data-element_type=\"widget\" data-e-type=\"widget\" data-widget_type=\"text-editor.default\">\n\t\t\t\t<div class=\"elementor-widget-container\">\n\t\t\t\t\t\t\t\t\t<p>Tous les garages Orl\u00e9ans Prestige Garden Sheds sont b\u00e2tis avec des mat\u00e9riaux de premi\u00e8re qualit\u00e9. Et notre service d\u2019installation et notre service d\u2019assemblage sont d\u2019une efficacit\u00e9 des plus professionnels.<\/p><p>Dimensions disponibles: 12\u2019 X 20\u2019 et plus.<\/p><p>N.B. Certains produits et articles illustr\u00e9s sur la photo ne sont pas disponibles ni inclus dans le prix du garage.<\/p>\t\t\t\t\t\t\t\t<\/div>\n\t\t\t\t<\/div>\n\t\t\t\t<div class=\"elementor-element elementor-element-fda9be7 elementor-align-left elementor-widget elementor-widget-button\" data-id=\"fda9be7\" data-element_type=\"widget\" data-e-type=\"widget\" data-widget_type=\"button.default\">\n\t\t\t\t<div class=\"elementor-widget-container\">\n\t\t\t\t\t\t\t\t\t<div class=\"elementor-button-wrapper\">\n\t\t\t\t\t<a class=\"elementor-button elementor-button-link elementor-size-lg\" href=\"https:\/\/orleansprestigegardensheds.com\/wp-content\/uploads\/2022\/09\/Brochure-janvier-2022-ORLEAN.pdf\" target=\"_blank\">\n\t\t\t\t\t\t<span class=\"elementor-button-content-wrapper\">\n\t\t\t\t\t\t\t\t\t<span class=\"elementor-button-text\">T\u00e9l\u00e9charger notre brochure<\/span>\n\t\t\t\t\t<\/span>\n\t\t\t\t\t<\/a>\n\t\t\t\t<\/div>\n\t\t\t\t\t\t\t\t<\/div>\n\t\t\t\t<\/div>\n\t\t\t\t\t<\/div>\n\t\t<\/div>\n\t\t\t\t\t<\/div>\n\t\t<\/section>\n\t\t\t\t<section class=\"elementor-section elementor-top-section elementor-element elementor-element-b08b761 elementor-section-full_width elementor-section-stretched elementor-section-height-default elementor-section-height-default\" data-id=\"b08b761\" data-element_type=\"section\" data-e-type=\"section\" data-settings=\"{&quot;stretch_section&quot;:&quot;section-stretched&quot;}\">\n\t\t\t\t\t\t<div class=\"elementor-container elementor-column-gap-default\">\n\t\t\t\t\t<div class=\"elementor-column elementor-col-100 elementor-top-column elementor-element elementor-element-5500d5a\" data-id=\"5500d5a\" data-element_type=\"column\" data-e-type=\"column\">\n\t\t\t<div class=\"elementor-widget-wrap elementor-element-populated\">\n\t\t\t\t\t\t<div class=\"elementor-element elementor-element-af27fd4 pp-image-slider-carousel pp-ins-normal pp-ins-hover-normal elementor-widget elementor-widget-pp-image-slider\" data-id=\"af27fd4\" data-element_type=\"widget\" data-e-type=\"widget\" data-settings=\"{&quot;skin&quot;:&quot;carousel&quot;,&quot;pause_on_hover&quot;:&quot;yes&quot;,&quot;infinite_loop&quot;:&quot;yes&quot;}\" data-widget_type=\"pp-image-slider.default\">\n\t\t\t\t<div class=\"elementor-widget-container\">\n\t\t\t\t\t\t\t\t\t<div class=\"pp-image-slider-container\">\n\t\t\t<div class=\"pp-image-slider-wrap swiper-container-wrap\">\n\t\t\t\t<div class=\"pp-image-slider-box\">\n\t\t\t\t\t<div class=\"pp-image-slider pp-swiper-slider swiper\" id=\"pp-image-slider-af27fd4\" data-fancybox-settings=\"{&quot;loop&quot;:true,&quot;arrows&quot;:true,&quot;infobar&quot;:true,&quot;keyboard&quot;:true,&quot;toolbar&quot;:true,&quot;buttons&quot;:[&quot;zoom&quot;,&quot;slideShow&quot;,&quot;thumbs&quot;,&quot;close&quot;],&quot;animationEffect&quot;:&quot;zoom&quot;,&quot;transitionEffect&quot;:&quot;fade&quot;,&quot;baseClass&quot;:&quot;pp-gallery-fancybox pp-gallery-fancybox-af27fd4  pp-fancybox-thumbs-y&quot;,&quot;thumbs&quot;:{&quot;autoStart&quot;:false,&quot;axis&quot;:&quot;y&quot;}}\" data-slider-settings=\"{&quot;direction&quot;:&quot;horizontal&quot;,&quot;effect&quot;:&quot;slide&quot;,&quot;speed&quot;:600,&quot;slides_per_view&quot;:3,&quot;slides_per_group&quot;:1,&quot;space_between&quot;:10,&quot;auto_height&quot;:true,&quot;loop&quot;:&quot;yes&quot;,&quot;autoplay&quot;:&quot;yes&quot;,&quot;autoplay_speed&quot;:3000,&quot;show_arrows&quot;:true,&quot;slides_per_view_mobile&quot;:2,&quot;slides_per_group_mobile&quot;:1,&quot;space_between_mobile&quot;:10,&quot;slides_per_view_tablet&quot;:2,&quot;slides_per_group_tablet&quot;:1,&quot;space_between_tablet&quot;:10}\">\n\t\t\t\t\t\t<div class=\"swiper-wrapper\">\n\t\t\t\t\t\t\t\t\t\t<div class=\"pp-image-slider-thumb-item-wrap pp-swiper-slide swiper-slide\">\n\t\t\t\t<a data-elementor-open-lightbox=\"no\" data-fancybox=\"pp-image-slider-af27fd4\" data-src=\"https:\/\/orleansprestigegardensheds.com\/wp-content\/uploads\/2022\/09\/garage-simple-orleansprestige-1.jpg\" class=\"pp-image-slider-slide-link\"><div class=\"pp-image-slider-thumb-item pp-image pp-ins-filter-hover\"><div class=\"pp-image-slider-thumb-image pp-ins-filter-target\"><img decoding=\"async\" src=\"https:\/\/orleansprestigegardensheds.com\/wp-content\/uploads\/2022\/09\/garage-simple-orleansprestige-1.jpg\" alt=\"garage-simple-orleansprestige-1\" \/><\/div><div class=\"pp-image-slider-thumb-overlay pp-media-overlay\"><\/div><\/div><\/a>\t\t\t<\/div>\n\t\t\t\t\t\t<div class=\"pp-image-slider-thumb-item-wrap pp-swiper-slide swiper-slide\">\n\t\t\t\t<a data-elementor-open-lightbox=\"no\" data-fancybox=\"pp-image-slider-af27fd4\" data-src=\"https:\/\/orleansprestigegardensheds.com\/wp-content\/uploads\/2022\/09\/garage-simple-orleansprestige-14.jpg\" class=\"pp-image-slider-slide-link\"><div class=\"pp-image-slider-thumb-item pp-image pp-ins-filter-hover\"><div class=\"pp-image-slider-thumb-image pp-ins-filter-target\"><img decoding=\"async\" src=\"https:\/\/orleansprestigegardensheds.com\/wp-content\/uploads\/2022\/09\/garage-simple-orleansprestige-14.jpg\" alt=\"garage-simple-orleansprestige-14\" \/><\/div><div class=\"pp-image-slider-thumb-overlay pp-media-overlay\"><\/div><\/div><\/a>\t\t\t<\/div>\n\t\t\t\t\t\t<div class=\"pp-image-slider-thumb-item-wrap pp-swiper-slide swiper-slide\">\n\t\t\t\t<a data-elementor-open-lightbox=\"no\" data-fancybox=\"pp-image-slider-af27fd4\" data-src=\"https:\/\/orleansprestigegardensheds.com\/wp-content\/uploads\/2022\/09\/garage-simple-orleansprestige-15.jpg\" class=\"pp-image-slider-slide-link\"><div class=\"pp-image-slider-thumb-item pp-image pp-ins-filter-hover\"><div class=\"pp-image-slider-thumb-image pp-ins-filter-target\"><img decoding=\"async\" src=\"https:\/\/orleansprestigegardensheds.com\/wp-content\/uploads\/2022\/09\/garage-simple-orleansprestige-15.jpg\" alt=\"garage-simple-orleansprestige-15\" \/><\/div><div class=\"pp-image-slider-thumb-overlay pp-media-overlay\"><\/div><\/div><\/a>\t\t\t<\/div>\n\t\t\t\t\t\t<div class=\"pp-image-slider-thumb-item-wrap pp-swiper-slide swiper-slide\">\n\t\t\t\t<a data-elementor-open-lightbox=\"no\" data-fancybox=\"pp-image-slider-af27fd4\" data-src=\"https:\/\/orleansprestigegardensheds.com\/wp-content\/uploads\/2022\/09\/garage-simple-orleansprestige-2.jpg\" class=\"pp-image-slider-slide-link\"><div class=\"pp-image-slider-thumb-item pp-image pp-ins-filter-hover\"><div class=\"pp-image-slider-thumb-image pp-ins-filter-target\"><img decoding=\"async\" src=\"https:\/\/orleansprestigegardensheds.com\/wp-content\/uploads\/2022\/09\/garage-simple-orleansprestige-2.jpg\" alt=\"garage-simple-orleansprestige-2\" \/><\/div><div class=\"pp-image-slider-thumb-overlay pp-media-overlay\"><\/div><\/div><\/a>\t\t\t<\/div>\n\t\t\t\t\t\t<div class=\"pp-image-slider-thumb-item-wrap pp-swiper-slide swiper-slide\">\n\t\t\t\t<a data-elementor-open-lightbox=\"no\" data-fancybox=\"pp-image-slider-af27fd4\" data-src=\"https:\/\/orleansprestigegardensheds.com\/wp-content\/uploads\/2022\/09\/garage-simple-orleansprestige-3.jpg\" class=\"pp-image-slider-slide-link\"><div class=\"pp-image-slider-thumb-item pp-image pp-ins-filter-hover\"><div class=\"pp-image-slider-thumb-image pp-ins-filter-target\"><img decoding=\"async\" src=\"https:\/\/orleansprestigegardensheds.com\/wp-content\/uploads\/2022\/09\/garage-simple-orleansprestige-3.jpg\" alt=\"garage-simple-orleansprestige-3\" \/><\/div><div class=\"pp-image-slider-thumb-overlay pp-media-overlay\"><\/div><\/div><\/a>\t\t\t<\/div>\n\t\t\t\t\t\t<div class=\"pp-image-slider-thumb-item-wrap pp-swiper-slide swiper-slide\">\n\t\t\t\t<a data-elementor-open-lightbox=\"no\" data-fancybox=\"pp-image-slider-af27fd4\" data-src=\"https:\/\/orleansprestigegardensheds.com\/wp-content\/uploads\/2022\/09\/garage-simple-orleansprestige-4.jpg\" class=\"pp-image-slider-slide-link\"><div class=\"pp-image-slider-thumb-item pp-image pp-ins-filter-hover\"><div class=\"pp-image-slider-thumb-image pp-ins-filter-target\"><img decoding=\"async\" src=\"https:\/\/orleansprestigegardensheds.com\/wp-content\/uploads\/2022\/09\/garage-simple-orleansprestige-4.jpg\" alt=\"garage-simple-orleansprestige-4\" \/><\/div><div class=\"pp-image-slider-thumb-overlay pp-media-overlay\"><\/div><\/div><\/a>\t\t\t<\/div>\n\t\t\t\t\t\t<div class=\"pp-image-slider-thumb-item-wrap pp-swiper-slide swiper-slide\">\n\t\t\t\t<a data-elementor-open-lightbox=\"no\" data-fancybox=\"pp-image-slider-af27fd4\" data-src=\"https:\/\/orleansprestigegardensheds.com\/wp-content\/uploads\/2022\/09\/garage-simple-orleansprestige-6.jpg\" class=\"pp-image-slider-slide-link\"><div class=\"pp-image-slider-thumb-item pp-image pp-ins-filter-hover\"><div class=\"pp-image-slider-thumb-image pp-ins-filter-target\"><img decoding=\"async\" src=\"https:\/\/orleansprestigegardensheds.com\/wp-content\/uploads\/2022\/09\/garage-simple-orleansprestige-6.jpg\" alt=\"garage-simple-orleansprestige-6\" \/><\/div><div class=\"pp-image-slider-thumb-overlay pp-media-overlay\"><\/div><\/div><\/a>\t\t\t<\/div>\n\t\t\t\t\t\t<div class=\"pp-image-slider-thumb-item-wrap pp-swiper-slide swiper-slide\">\n\t\t\t\t<a data-elementor-open-lightbox=\"no\" data-fancybox=\"pp-image-slider-af27fd4\" data-src=\"https:\/\/orleansprestigegardensheds.com\/wp-content\/uploads\/2022\/09\/garage-simple-orleansprestige-7.jpg\" class=\"pp-image-slider-slide-link\"><div class=\"pp-image-slider-thumb-item pp-image pp-ins-filter-hover\"><div class=\"pp-image-slider-thumb-image pp-ins-filter-target\"><img decoding=\"async\" src=\"https:\/\/orleansprestigegardensheds.com\/wp-content\/uploads\/2022\/09\/garage-simple-orleansprestige-7.jpg\" alt=\"garage-simple-orleansprestige-7\" \/><\/div><div class=\"pp-image-slider-thumb-overlay pp-media-overlay\"><\/div><\/div><\/a>\t\t\t<\/div>\n\t\t\t\t\t\t<div class=\"pp-image-slider-thumb-item-wrap pp-swiper-slide swiper-slide\">\n\t\t\t\t<a data-elementor-open-lightbox=\"no\" data-fancybox=\"pp-image-slider-af27fd4\" data-src=\"https:\/\/orleansprestigegardensheds.com\/wp-content\/uploads\/2022\/09\/garage-double-orleansprestige-01.jpg\" class=\"pp-image-slider-slide-link\"><div class=\"pp-image-slider-thumb-item pp-image pp-ins-filter-hover\"><div class=\"pp-image-slider-thumb-image pp-ins-filter-target\"><img decoding=\"async\" src=\"https:\/\/orleansprestigegardensheds.com\/wp-content\/uploads\/2022\/09\/garage-double-orleansprestige-01.jpg\" alt=\"garage-double-orleansprestige-01\" \/><\/div><div class=\"pp-image-slider-thumb-overlay pp-media-overlay\"><\/div><\/div><\/a>\t\t\t<\/div>\n\t\t\t\t\t\t<div class=\"pp-image-slider-thumb-item-wrap pp-swiper-slide swiper-slide\">\n\t\t\t\t<a data-elementor-open-lightbox=\"no\" data-fancybox=\"pp-image-slider-af27fd4\" data-src=\"https:\/\/orleansprestigegardensheds.com\/wp-content\/uploads\/2022\/09\/garage-simple-orleansprestige-12.jpg\" class=\"pp-image-slider-slide-link\"><div class=\"pp-image-slider-thumb-item pp-image pp-ins-filter-hover\"><div class=\"pp-image-slider-thumb-image pp-ins-filter-target\"><img decoding=\"async\" src=\"https:\/\/orleansprestigegardensheds.com\/wp-content\/uploads\/2022\/09\/garage-simple-orleansprestige-12.jpg\" alt=\"garage-simple-orleansprestige-12\" \/><\/div><div class=\"pp-image-slider-thumb-overlay pp-media-overlay\"><\/div><\/div><\/a>\t\t\t<\/div>\n\t\t\t\t\t\t<div class=\"pp-image-slider-thumb-item-wrap pp-swiper-slide swiper-slide\">\n\t\t\t\t<a data-elementor-open-lightbox=\"no\" data-fancybox=\"pp-image-slider-af27fd4\" data-src=\"https:\/\/orleansprestigegardensheds.com\/wp-content\/uploads\/2022\/09\/garage-simple-orleansprestige-11.jpg\" class=\"pp-image-slider-slide-link\"><div class=\"pp-image-slider-thumb-item pp-image pp-ins-filter-hover\"><div class=\"pp-image-slider-thumb-image pp-ins-filter-target\"><img decoding=\"async\" src=\"https:\/\/orleansprestigegardensheds.com\/wp-content\/uploads\/2022\/09\/garage-simple-orleansprestige-11.jpg\" alt=\"garage-simple-orleansprestige-11\" \/><\/div><div class=\"pp-image-slider-thumb-overlay pp-media-overlay\"><\/div><\/div><\/a>\t\t\t<\/div>\n\t\t\t\t\t\t<div class=\"pp-image-slider-thumb-item-wrap pp-swiper-slide swiper-slide\">\n\t\t\t\t<a data-elementor-open-lightbox=\"no\" data-fancybox=\"pp-image-slider-af27fd4\" data-src=\"https:\/\/orleansprestigegardensheds.com\/wp-content\/uploads\/2022\/09\/garage-simple-orleansprestige-10.jpg\" class=\"pp-image-slider-slide-link\"><div class=\"pp-image-slider-thumb-item pp-image pp-ins-filter-hover\"><div class=\"pp-image-slider-thumb-image pp-ins-filter-target\"><img decoding=\"async\" src=\"https:\/\/orleansprestigegardensheds.com\/wp-content\/uploads\/2022\/09\/garage-simple-orleansprestige-10.jpg\" alt=\"garage-simple-orleansprestige-10\" \/><\/div><div class=\"pp-image-slider-thumb-overlay pp-media-overlay\"><\/div><\/div><\/a>\t\t\t<\/div>\n\t\t\t\t\t\t<div class=\"pp-image-slider-thumb-item-wrap pp-swiper-slide swiper-slide\">\n\t\t\t\t<a data-elementor-open-lightbox=\"no\" data-fancybox=\"pp-image-slider-af27fd4\" data-src=\"https:\/\/orleansprestigegardensheds.com\/wp-content\/uploads\/2022\/09\/garage-simple-orleansprestige-9.jpg\" class=\"pp-image-slider-slide-link\"><div class=\"pp-image-slider-thumb-item pp-image pp-ins-filter-hover\"><div class=\"pp-image-slider-thumb-image pp-ins-filter-target\"><img decoding=\"async\" src=\"https:\/\/orleansprestigegardensheds.com\/wp-content\/uploads\/2022\/09\/garage-simple-orleansprestige-9.jpg\" alt=\"garage-simple-orleansprestige-9\" \/><\/div><div class=\"pp-image-slider-thumb-overlay pp-media-overlay\"><\/div><\/div><\/a>\t\t\t<\/div>\n\t\t\t\t\t\t<div class=\"pp-image-slider-thumb-item-wrap pp-swiper-slide swiper-slide\">\n\t\t\t\t<a data-elementor-open-lightbox=\"no\" data-fancybox=\"pp-image-slider-af27fd4\" data-src=\"https:\/\/orleansprestigegardensheds.com\/wp-content\/uploads\/2022\/09\/garage-simple-orleansprestige-8.jpg\" class=\"pp-image-slider-slide-link\"><div class=\"pp-image-slider-thumb-item pp-image pp-ins-filter-hover\"><div class=\"pp-image-slider-thumb-image pp-ins-filter-target\"><img decoding=\"async\" src=\"https:\/\/orleansprestigegardensheds.com\/wp-content\/uploads\/2022\/09\/garage-simple-orleansprestige-8.jpg\" alt=\"garage-simple-orleansprestige-8\" \/><\/div><div class=\"pp-image-slider-thumb-overlay pp-media-overlay\"><\/div><\/div><\/a>\t\t\t<\/div>\n\t\t\t\t\t\t\t\t\t<\/div>\n\t\t\t\t\t<\/div>\n\t\t\t\t\t\t\t\t\t<div class=\"pp-slider-arrow elementor-swiper-button-prev swiper-button-prev-af27fd4\" role=\"button\" tabindex=\"0\">\n\t\t\t\t\t<i aria-hidden=\"true\" class=\"fas fa-angle-left\"><\/i>\t\t\t\t<\/div>\n\t\t\t\t<div class=\"pp-slider-arrow elementor-swiper-button-next swiper-button-next-af27fd4\" role=\"button\" tabindex=\"0\">\n\t\t\t\t\t<i aria-hidden=\"true\" class=\"fas fa-angle-right\"><\/i>\t\t\t\t<\/div>\n\t\t\t\t\t\t\t<\/div>\n\t\t\t<\/div>\n\t\t\t\t\t<\/div>\n\t\t\t\t\t\t\t<\/div>\n\t\t\t\t<\/div>\n\t\t\t\t\t<\/div>\n\t\t<\/div>\n\t\t\t\t\t<\/div>\n\t\t<\/section>\n\t\t\t\t<section class=\"elementor-section elementor-top-section elementor-element elementor-element-422f369 elementor-section-boxed elementor-section-height-default elementor-section-height-default\" data-id=\"422f369\" data-element_type=\"section\" data-e-type=\"section\">\n\t\t\t\t\t\t<div class=\"elementor-container elementor-column-gap-default\">\n\t\t\t\t\t<div class=\"elementor-column elementor-col-100 elementor-top-column elementor-element elementor-element-737c74f\" data-id=\"737c74f\" data-element_type=\"column\" data-e-type=\"column\">\n\t\t\t<div class=\"elementor-widget-wrap elementor-element-populated\">\n\t\t\t\t\t\t<div class=\"elementor-element elementor-element-e3e9a27 elementor-align-center elementor-widget elementor-widget-button\" data-id=\"e3e9a27\" data-element_type=\"widget\" data-e-type=\"widget\" data-widget_type=\"button.default\">\n\t\t\t\t<div class=\"elementor-widget-container\">\n\t\t\t\t\t\t\t\t\t<div class=\"elementor-button-wrapper\">\n\t\t\t\t\t<a class=\"elementor-button elementor-button-link elementor-size-xl\" href=\"https:\/\/orleansprestigegardensheds.com\/fr\/garages\/garages-portes-multiples\/\">\n\t\t\t\t\t\t<span class=\"elementor-button-content-wrapper\">\n\t\t\t\t\t\t\t\t\t<span class=\"elementor-button-text\">Voir tous les garages portes multiples<\/span>\n\t\t\t\t\t<\/span>\n\t\t\t\t\t<\/a>\n\t\t\t\t<\/div>\n\t\t\t\t\t\t\t\t<\/div>\n\t\t\t\t<\/div>\n\t\t\t\t\t<\/div>\n\t\t<\/div>\n\t\t\t\t\t<\/div>\n\t\t<\/section>\n\t\t\t\t<section class=\"elementor-section elementor-top-section elementor-element elementor-element-6b4436a elementor-section-full_width elementor-section-height-default elementor-section-height-default\" data-id=\"6b4436a\" data-element_type=\"section\" data-e-type=\"section\">\n\t\t\t\t\t\t<div class=\"elementor-container elementor-column-gap-no\">\n\t\t\t\t\t<div class=\"elementor-column elementor-col-100 elementor-top-column elementor-element elementor-element-52d2573\" data-id=\"52d2573\" data-element_type=\"column\" data-e-type=\"column\">\n\t\t\t<div class=\"elementor-widget-wrap elementor-element-populated\">\n\t\t\t\t\t\t<div class=\"elementor-element elementor-element-7469c57 elementor-widget elementor-widget-template\" data-id=\"7469c57\" data-element_type=\"widget\" data-e-type=\"widget\" data-widget_type=\"template.default\">\n\t\t\t\t<div class=\"elementor-widget-container\">\n\t\t\t\t\t\t\t<div class=\"elementor-template\">\n\t\t\t\t\t<div data-elementor-type=\"section\" data-elementor-id=\"5817\" class=\"elementor elementor-5817\" data-elementor-post-type=\"elementor_library\">\n\t\t\t\t\t<section class=\"elementor-section elementor-top-section elementor-element elementor-element-13890482 elementor-section-boxed elementor-section-height-default elementor-section-height-default\" data-id=\"13890482\" data-element_type=\"section\" data-e-type=\"section\" data-settings=\"{&quot;background_background&quot;:&quot;classic&quot;,&quot;background_motion_fx_motion_fx_scrolling&quot;:&quot;yes&quot;,&quot;background_motion_fx_translateY_effect&quot;:&quot;yes&quot;,&quot;background_motion_fx_translateY_direction&quot;:&quot;negative&quot;,&quot;motion_fx_motion_fx_scrolling&quot;:&quot;yes&quot;,&quot;background_motion_fx_translateY_speed&quot;:{&quot;unit&quot;:&quot;px&quot;,&quot;size&quot;:4,&quot;sizes&quot;:[]},&quot;background_motion_fx_translateY_affectedRange&quot;:{&quot;unit&quot;:&quot;%&quot;,&quot;size&quot;:&quot;&quot;,&quot;sizes&quot;:{&quot;start&quot;:0,&quot;end&quot;:100}},&quot;background_motion_fx_devices&quot;:[&quot;desktop&quot;,&quot;tablet&quot;,&quot;mobile&quot;],&quot;motion_fx_devices&quot;:[&quot;desktop&quot;,&quot;tablet&quot;,&quot;mobile&quot;]}\">\n\t\t\t\t\t\t\t<div class=\"elementor-background-overlay\"><\/div>\n\t\t\t\t\t\t\t<div class=\"elementor-container elementor-column-gap-default\">\n\t\t\t\t\t<div class=\"elementor-column elementor-col-100 elementor-top-column elementor-element elementor-element-37839493\" data-id=\"37839493\" data-element_type=\"column\" data-e-type=\"column\">\n\t\t\t<div class=\"elementor-widget-wrap elementor-element-populated\">\n\t\t\t\t\t\t<div class=\"elementor-element elementor-element-7ba1194a elementor-widget elementor-widget-text-editor\" data-id=\"7ba1194a\" data-element_type=\"widget\" data-e-type=\"widget\" data-widget_type=\"text-editor.default\">\n\t\t\t\t<div class=\"elementor-widget-container\">\n\t\t\t\t\t\t\t\t\tPour obtenir une soumission\t\t\t\t\t\t\t\t<\/div>\n\t\t\t\t<\/div>\n\t\t\t\t<div class=\"elementor-element elementor-element-3c5915f6 elementor-align-center elementor-icon-list--layout-traditional elementor-list-item-link-full_width elementor-widget elementor-widget-icon-list\" data-id=\"3c5915f6\" data-element_type=\"widget\" data-e-type=\"widget\" data-widget_type=\"icon-list.default\">\n\t\t\t\t<div class=\"elementor-widget-container\">\n\t\t\t\t\t\t\t<ul class=\"elementor-icon-list-items\">\n\t\t\t\t\t\t\t<li class=\"elementor-icon-list-item\">\n\t\t\t\t\t\t\t\t\t\t\t<a href=\"tel:613-830-1167\">\n\n\t\t\t\t\t\t\t\t\t\t\t\t<span class=\"elementor-icon-list-icon\">\n\t\t\t\t\t\t\t<i aria-hidden=\"true\" class=\"fas fa-phone-alt\"><\/i>\t\t\t\t\t\t<\/span>\n\t\t\t\t\t\t\t\t\t\t<span class=\"elementor-icon-list-text\">613 830-1167<\/span>\n\t\t\t\t\t\t\t\t\t\t\t<\/a>\n\t\t\t\t\t\t\t\t\t<\/li>\n\t\t\t\t\t\t<\/ul>\n\t\t\t\t\t\t<\/div>\n\t\t\t\t<\/div>\n\t\t\t\t<div class=\"elementor-element elementor-element-4b45bb22 elementor-align-center elementor-widget elementor-widget-button\" data-id=\"4b45bb22\" data-element_type=\"widget\" data-e-type=\"widget\" data-widget_type=\"button.default\">\n\t\t\t\t<div class=\"elementor-widget-container\">\n\t\t\t\t\t\t\t\t\t<div class=\"elementor-button-wrapper\">\n\t\t\t\t\t<a class=\"elementor-button elementor-button-link elementor-size-xl\" href=\"https:\/\/orleansprestigegardensheds.com\/fr\/soumission\/\">\n\t\t\t\t\t\t<span class=\"elementor-button-content-wrapper\">\n\t\t\t\t\t\t\t\t\t<span class=\"elementor-button-text\">SOUMISSION EN LIGNE<\/span>\n\t\t\t\t\t<\/span>\n\t\t\t\t\t<\/a>\n\t\t\t\t<\/div>\n\t\t\t\t\t\t\t\t<\/div>\n\t\t\t\t<\/div>\n\t\t\t\t\t<\/div>\n\t\t<\/div>\n\t\t\t\t\t<\/div>\n\t\t<\/section>\n\t\t\t\t<\/div>\n\t\t\t\t<\/div>\n\t\t\t\t\t\t<\/div>\n\t\t\t\t<\/div>\n\t\t\t\t\t<\/div>\n\t\t<\/div>\n\t\t\t\t\t<\/div>\n\t\t<\/section>\n\t\t\t\t<\/div>\n\t\t","protected":false},"excerpt":{"rendered":"<p>Nos garages Tous les garages Orl\u00e9ans Prestige Garden Sheds sont b\u00e2tis avec des mat\u00e9riaux de premi\u00e8re qualit\u00e9. Et notre service d\u2019installation et notre service d\u2019assemblage sont d\u2019une efficacit\u00e9 des plus professionnels. Dimensions disponibles: 12\u2019 X 20\u2019 et plus. N.B. Certains produits et articles illustr\u00e9s sur la photo ne sont pas disponibles ni inclus dans le&#8230;<\/p>\n","protected":false},"author":4,"featured_media":0,"parent":0,"menu_order":0,"comment_status":"closed","ping_status":"closed","template":"elementor_header_footer","meta":{"footnotes":""},"class_list":["post-5280","page","type-page","status-publish","hentry"],"aioseo_notices":[],"_links":{"self":[{"href":"https:\/\/orleansprestigegardensheds.com\/fr\/wp-json\/wp\/v2\/pages\/5280","targetHints":{"allow":["GET"]}}],"collection":[{"href":"https:\/\/orleansprestigegardensheds.com\/fr\/wp-json\/wp\/v2\/pages"}],"about":[{"href":"https:\/\/orleansprestigegardensheds.com\/fr\/wp-json\/wp\/v2\/types\/page"}],"author":[{"embeddable":true,"href":"https:\/\/orleansprestigegardensheds.com\/fr\/wp-json\/wp\/v2\/users\/4"}],"replies":[{"embeddable":true,"href":"https:\/\/orleansprestigegardensheds.com\/fr\/wp-json\/wp\/v2\/comments?post=5280"}],"version-history":[{"count":56,"href":"https:\/\/orleansprestigegardensheds.com\/fr\/wp-json\/wp\/v2\/pages\/5280\/revisions"}],"predecessor-version":[{"id":7869,"href":"https:\/\/orleansprestigegardensheds.com\/fr\/wp-json\/wp\/v2\/pages\/5280\/revisions\/7869"}],"wp:attachment":[{"href":"https:\/\/orleansprestigegardensheds.com\/fr\/wp-json\/wp\/v2\/media?parent=5280"}],"curies":[{"name":"wp","href":"https:\/\/api.w.org\/{rel}","templated":true}]}}