{"id":5331,"date":"2022-09-12T20:06:07","date_gmt":"2022-09-12T18:06:07","guid":{"rendered":"https:\/\/orleansprestigegardensheds.com\/?page_id=5331"},"modified":"2023-03-03T13:34:55","modified_gmt":"2023-03-03T18:34:55","slug":"gazebos","status":"publish","type":"page","link":"https:\/\/orleansprestigegardensheds.com\/fr\/gazebos\/","title":{"rendered":"Gaz\u00e9bos"},"content":{"rendered":"\t\t<div data-elementor-type=\"wp-page\" data-elementor-id=\"5331\" class=\"elementor elementor-5331\" data-elementor-post-type=\"page\">\n\t\t\t\t\t\t<section class=\"elementor-section elementor-top-section elementor-element elementor-element-2f53d55 elementor-section-boxed elementor-section-height-default elementor-section-height-default\" data-id=\"2f53d55\" data-element_type=\"section\" data-e-type=\"section\">\n\t\t\t\t\t\t<div class=\"elementor-container elementor-column-gap-default\">\n\t\t\t\t\t<div class=\"elementor-column elementor-col-100 elementor-top-column elementor-element elementor-element-ca68ae2\" data-id=\"ca68ae2\" data-element_type=\"column\" data-e-type=\"column\">\n\t\t\t<div class=\"elementor-widget-wrap elementor-element-populated\">\n\t\t\t\t\t\t<div class=\"elementor-element elementor-element-41766e5 elementor-widget elementor-widget-heading\" data-id=\"41766e5\" data-element_type=\"widget\" data-e-type=\"widget\" data-widget_type=\"heading.default\">\n\t\t\t\t<div class=\"elementor-widget-container\">\n\t\t\t\t\t<h2 class=\"elementor-heading-title elementor-size-default\">Gaz\u00e9bos personnalis\u00e9s sur mesure<\/h2>\t\t\t\t<\/div>\n\t\t\t\t<\/div>\n\t\t\t\t<div class=\"elementor-element elementor-element-753174f elementor-widget elementor-widget-text-editor\" data-id=\"753174f\" data-element_type=\"widget\" data-e-type=\"widget\" data-widget_type=\"text-editor.default\">\n\t\t\t\t<div class=\"elementor-widget-container\">\n\t\t\t\t\t\t\t\t\t<strong>Distributeurs des produits Gaz\u00e9bec.<\/strong>\t\t\t\t\t\t\t\t<\/div>\n\t\t\t\t<\/div>\n\t\t\t\t\t<\/div>\n\t\t<\/div>\n\t\t\t\t\t<\/div>\n\t\t<\/section>\n\t\t\t\t<section class=\"elementor-section elementor-top-section elementor-element elementor-element-914a10d elementor-section-boxed elementor-section-height-default elementor-section-height-default\" data-id=\"914a10d\" data-element_type=\"section\" data-e-type=\"section\">\n\t\t\t\t\t\t<div class=\"elementor-container elementor-column-gap-wide\">\n\t\t\t\t\t<div class=\"elementor-column elementor-col-50 elementor-top-column elementor-element elementor-element-904cfaf\" data-id=\"904cfaf\" data-element_type=\"column\" data-e-type=\"column\">\n\t\t\t<div class=\"elementor-widget-wrap elementor-element-populated\">\n\t\t\t\t\t\t<div class=\"elementor-element elementor-element-66524ee nomarginp elementor-widget elementor-widget-text-editor\" data-id=\"66524ee\" data-element_type=\"widget\" data-e-type=\"widget\" data-widget_type=\"text-editor.default\">\n\t\t\t\t<div class=\"elementor-widget-container\">\n\t\t\t\t\t\t\t\t\t<p>Gaz\u00e9bec Inc. est une entreprise familiale qu\u00e9b\u00e9coise se sp\u00e9cialisant dans la fabrication de gloriettes (gaz\u00e9bos) et de meubles de jardin enti\u00e8rement faits de c\u00e8dre rouge de l\u2019Ouest.<\/p><p>Permettant de profiter de l\u2019air pur tout en \u00e9tant \u00e0 l\u2019abri des insectes et des rayons du soleil, les gloriettes de Gaz\u00e9bec Inc. demeurent un incontournable au c\u0153ur d\u2019un am\u00e9nagement paysager.<\/p><p>Chaque gloriette est fabriqu\u00e9e selon les standards les plus \u00e9lev\u00e9s et avec la m\u00eame passion qui habite les artisans qui y travaillent. Elles sont disponibles en plusieurs grandeurs, en plusieurs teintes et sont faites \u00e0 100% de c\u00e8dre c\u00e8dre rouge de l\u2019Ouest ce qui garantit la durabilit\u00e9 du produit.<\/p>\t\t\t\t\t\t\t\t<\/div>\n\t\t\t\t<\/div>\n\t\t\t\t\t<\/div>\n\t\t<\/div>\n\t\t\t\t<div class=\"elementor-column elementor-col-50 elementor-top-column elementor-element elementor-element-62277e2\" data-id=\"62277e2\" data-element_type=\"column\" data-e-type=\"column\">\n\t\t\t<div class=\"elementor-widget-wrap elementor-element-populated\">\n\t\t\t\t\t\t<div class=\"elementor-element elementor-element-b40d397 nomarginp elementor-widget elementor-widget-text-editor\" data-id=\"b40d397\" data-element_type=\"widget\" data-e-type=\"widget\" data-widget_type=\"text-editor.default\">\n\t\t\t\t<div class=\"elementor-widget-container\">\n\t\t\t\t\t\t\t\t\tToutes nos gloriettes sont disponibles avec plusieurs options telles des moustiquaires, des rampes d\u2019acc\u00e8s pour personnes handicap\u00e9es et une multitude d\u2019autres modifications vous permettant de personnaliser la v\u00f4tre.\t\t\t\t\t\t\t\t<\/div>\n\t\t\t\t<\/div>\n\t\t\t\t<div class=\"elementor-element elementor-element-644cacd elementor-align-left elementor-widget elementor-widget-button\" data-id=\"644cacd\" data-element_type=\"widget\" data-e-type=\"widget\" data-widget_type=\"button.default\">\n\t\t\t\t<div class=\"elementor-widget-container\">\n\t\t\t\t\t\t\t\t\t<div class=\"elementor-button-wrapper\">\n\t\t\t\t\t<a class=\"elementor-button elementor-button-link elementor-size-lg\" href=\"https:\/\/orleansprestigegardensheds.com\/wp-content\/uploads\/2022\/11\/Gazebos-a-toit-rigide.pdf\" target=\"_blank\">\n\t\t\t\t\t\t<span class=\"elementor-button-content-wrapper\">\n\t\t\t\t\t\t\t\t\t<span class=\"elementor-button-text\">Gaz\u00e9bos \u00e0 to\u00eet rigide<\/span>\n\t\t\t\t\t<\/span>\n\t\t\t\t\t<\/a>\n\t\t\t\t<\/div>\n\t\t\t\t\t\t\t\t<\/div>\n\t\t\t\t<\/div>\n\t\t\t\t<div class=\"elementor-element elementor-element-470d18a elementor-widget-divider--view-line elementor-widget elementor-widget-divider\" data-id=\"470d18a\" data-element_type=\"widget\" data-e-type=\"widget\" data-widget_type=\"divider.default\">\n\t\t\t\t<div class=\"elementor-widget-container\">\n\t\t\t\t\t\t\t<div class=\"elementor-divider\">\n\t\t\t<span class=\"elementor-divider-separator\">\n\t\t\t\t\t\t<\/span>\n\t\t<\/div>\n\t\t\t\t\t\t<\/div>\n\t\t\t\t<\/div>\n\t\t\t\t<div class=\"elementor-element elementor-element-75a8a74 nomarginp elementor-widget elementor-widget-text-editor\" data-id=\"75a8a74\" data-element_type=\"widget\" data-e-type=\"widget\" data-widget_type=\"text-editor.default\">\n\t\t\t\t<div class=\"elementor-widget-container\">\n\t\t\t\t\t\t\t\t\t<p><strong>Visitez-nous pour voir tous les mod\u00e8les disponibles ou communiquez avec nous pour une estimation ou une commande :<\/strong><\/p>\t\t\t\t\t\t\t\t<\/div>\n\t\t\t\t<\/div>\n\t\t\t\t<div class=\"elementor-element elementor-element-c9677d9 elementor-align-left elementor-widget elementor-widget-button\" data-id=\"c9677d9\" data-element_type=\"widget\" data-e-type=\"widget\" data-widget_type=\"button.default\">\n\t\t\t\t<div class=\"elementor-widget-container\">\n\t\t\t\t\t\t\t\t\t<div class=\"elementor-button-wrapper\">\n\t\t\t\t\t<a class=\"elementor-button elementor-button-link elementor-size-lg\" href=\"https:\/\/orleansprestigegardensheds.com\/fr\/contact\/\">\n\t\t\t\t\t\t<span class=\"elementor-button-content-wrapper\">\n\t\t\t\t\t\t\t\t\t<span class=\"elementor-button-text\">Contactez-nous maintenant<\/span>\n\t\t\t\t\t<\/span>\n\t\t\t\t\t<\/a>\n\t\t\t\t<\/div>\n\t\t\t\t\t\t\t\t<\/div>\n\t\t\t\t<\/div>\n\t\t\t\t\t<\/div>\n\t\t<\/div>\n\t\t\t\t\t<\/div>\n\t\t<\/section>\n\t\t\t\t<section class=\"elementor-section elementor-top-section elementor-element elementor-element-5b7843f elementor-section-full_width elementor-section-height-default elementor-section-height-default\" data-id=\"5b7843f\" data-element_type=\"section\" data-e-type=\"section\">\n\t\t\t\t\t\t<div class=\"elementor-container elementor-column-gap-default\">\n\t\t\t\t\t<div class=\"elementor-column elementor-col-100 elementor-top-column elementor-element elementor-element-69b4bbe\" data-id=\"69b4bbe\" data-element_type=\"column\" data-e-type=\"column\">\n\t\t\t<div class=\"elementor-widget-wrap elementor-element-populated\">\n\t\t\t\t\t\t<div class=\"elementor-element elementor-element-f8750e0 pp-image-slider-carousel pp-ins-normal pp-ins-hover-normal elementor-widget elementor-widget-pp-image-slider\" data-id=\"f8750e0\" data-element_type=\"widget\" data-e-type=\"widget\" data-settings=\"{&quot;skin&quot;:&quot;carousel&quot;,&quot;pause_on_hover&quot;:&quot;yes&quot;,&quot;infinite_loop&quot;:&quot;yes&quot;}\" data-widget_type=\"pp-image-slider.default\">\n\t\t\t\t<div class=\"elementor-widget-container\">\n\t\t\t\t\t\t\t\t\t<div class=\"pp-image-slider-container pp-thumbs-equal-height\">\n\t\t\t<div class=\"pp-image-slider-wrap swiper-container-wrap\">\n\t\t\t\t<div class=\"pp-image-slider-box\">\n\t\t\t\t\t<div class=\"pp-image-slider pp-swiper-slider swiper\" id=\"pp-image-slider-f8750e0\" data-fancybox-settings=\"{&quot;loop&quot;:true,&quot;arrows&quot;:true,&quot;infobar&quot;:true,&quot;keyboard&quot;:true,&quot;toolbar&quot;:true,&quot;buttons&quot;:[&quot;zoom&quot;,&quot;slideShow&quot;,&quot;thumbs&quot;,&quot;close&quot;],&quot;animationEffect&quot;:&quot;zoom&quot;,&quot;transitionEffect&quot;:&quot;fade&quot;,&quot;baseClass&quot;:&quot;pp-gallery-fancybox pp-gallery-fancybox-f8750e0  pp-fancybox-thumbs-y&quot;,&quot;thumbs&quot;:{&quot;autoStart&quot;:false,&quot;axis&quot;:&quot;y&quot;}}\" data-slider-settings=\"{&quot;direction&quot;:&quot;horizontal&quot;,&quot;effect&quot;:&quot;slide&quot;,&quot;speed&quot;:600,&quot;slides_per_view&quot;:3,&quot;slides_per_group&quot;:1,&quot;space_between&quot;:10,&quot;auto_height&quot;:true,&quot;loop&quot;:&quot;yes&quot;,&quot;autoplay&quot;:&quot;yes&quot;,&quot;autoplay_speed&quot;:3000,&quot;show_arrows&quot;:true,&quot;slides_per_view_mobile&quot;:1,&quot;slides_per_group_mobile&quot;:1,&quot;space_between_mobile&quot;:10,&quot;slides_per_view_tablet&quot;:2,&quot;slides_per_group_tablet&quot;:1,&quot;space_between_tablet&quot;:10}\">\n\t\t\t\t\t\t<div class=\"swiper-wrapper\">\n\t\t\t\t\t\t\t\t\t\t<div class=\"pp-image-slider-thumb-item-wrap pp-swiper-slide swiper-slide\">\n\t\t\t\t<a data-elementor-open-lightbox=\"no\" data-fancybox=\"pp-image-slider-f8750e0\" data-src=\"https:\/\/orleansprestigegardensheds.com\/wp-content\/uploads\/2022\/09\/orleansprestige-pergolas-2.jpg\" class=\"pp-image-slider-slide-link\"><div class=\"pp-image-slider-thumb-item pp-image pp-ins-filter-hover\"><div class=\"pp-image-slider-thumb-image pp-ins-filter-target\" style=\"background-image:url(https:\/\/orleansprestigegardensheds.com\/wp-content\/uploads\/2022\/09\/orleansprestige-pergolas-2.jpg)\"><img decoding=\"async\" src=\"https:\/\/orleansprestigegardensheds.com\/wp-content\/uploads\/2022\/09\/orleansprestige-pergolas-2.jpg\" alt=\"orleansprestige-pergolas-2\" \/><\/div><div class=\"pp-image-slider-thumb-overlay pp-media-overlay\"><\/div><\/div><\/a>\t\t\t<\/div>\n\t\t\t\t\t\t<div class=\"pp-image-slider-thumb-item-wrap pp-swiper-slide swiper-slide\">\n\t\t\t\t<a data-elementor-open-lightbox=\"no\" data-fancybox=\"pp-image-slider-f8750e0\" data-src=\"https:\/\/orleansprestigegardensheds.com\/wp-content\/uploads\/2022\/09\/orleansprestige-pergolas-1.jpg\" class=\"pp-image-slider-slide-link\"><div class=\"pp-image-slider-thumb-item pp-image pp-ins-filter-hover\"><div class=\"pp-image-slider-thumb-image pp-ins-filter-target\" style=\"background-image:url(https:\/\/orleansprestigegardensheds.com\/wp-content\/uploads\/2022\/09\/orleansprestige-pergolas-1.jpg)\"><img decoding=\"async\" src=\"https:\/\/orleansprestigegardensheds.com\/wp-content\/uploads\/2022\/09\/orleansprestige-pergolas-1.jpg\" alt=\"orleansprestige-pergolas-1\" \/><\/div><div class=\"pp-image-slider-thumb-overlay pp-media-overlay\"><\/div><\/div><\/a>\t\t\t<\/div>\n\t\t\t\t\t\t<div class=\"pp-image-slider-thumb-item-wrap pp-swiper-slide swiper-slide\">\n\t\t\t\t<a data-elementor-open-lightbox=\"no\" data-fancybox=\"pp-image-slider-f8750e0\" data-src=\"https:\/\/orleansprestigegardensheds.com\/wp-content\/uploads\/2022\/09\/orleansprestige-pergolas-4.jpg\" class=\"pp-image-slider-slide-link\"><div class=\"pp-image-slider-thumb-item pp-image pp-ins-filter-hover\"><div class=\"pp-image-slider-thumb-image pp-ins-filter-target\" style=\"background-image:url(https:\/\/orleansprestigegardensheds.com\/wp-content\/uploads\/2022\/09\/orleansprestige-pergolas-4.jpg)\"><img decoding=\"async\" src=\"https:\/\/orleansprestigegardensheds.com\/wp-content\/uploads\/2022\/09\/orleansprestige-pergolas-4.jpg\" alt=\"orleansprestige-pergolas-4\" \/><\/div><div class=\"pp-image-slider-thumb-overlay pp-media-overlay\"><\/div><\/div><\/a>\t\t\t<\/div>\n\t\t\t\t\t\t<div class=\"pp-image-slider-thumb-item-wrap pp-swiper-slide swiper-slide\">\n\t\t\t\t<a data-elementor-open-lightbox=\"no\" data-fancybox=\"pp-image-slider-f8750e0\" data-src=\"https:\/\/orleansprestigegardensheds.com\/wp-content\/uploads\/2022\/09\/orleansprestige-pergolas-3.jpg\" class=\"pp-image-slider-slide-link\"><div class=\"pp-image-slider-thumb-item pp-image pp-ins-filter-hover\"><div class=\"pp-image-slider-thumb-image pp-ins-filter-target\" style=\"background-image:url(https:\/\/orleansprestigegardensheds.com\/wp-content\/uploads\/2022\/09\/orleansprestige-pergolas-3.jpg)\"><img decoding=\"async\" src=\"https:\/\/orleansprestigegardensheds.com\/wp-content\/uploads\/2022\/09\/orleansprestige-pergolas-3.jpg\" alt=\"orleansprestige-pergolas-3\" \/><\/div><div class=\"pp-image-slider-thumb-overlay pp-media-overlay\"><\/div><\/div><\/a>\t\t\t<\/div>\n\t\t\t\t\t\t<div class=\"pp-image-slider-thumb-item-wrap pp-swiper-slide swiper-slide\">\n\t\t\t\t<a data-elementor-open-lightbox=\"no\" data-fancybox=\"pp-image-slider-f8750e0\" data-src=\"https:\/\/orleansprestigegardensheds.com\/wp-content\/uploads\/2022\/09\/orleansprestige-balancoire.jpg\" class=\"pp-image-slider-slide-link\"><div class=\"pp-image-slider-thumb-item pp-image pp-ins-filter-hover\"><div class=\"pp-image-slider-thumb-image pp-ins-filter-target\" style=\"background-image:url(https:\/\/orleansprestigegardensheds.com\/wp-content\/uploads\/2022\/09\/orleansprestige-balancoire.jpg)\"><img decoding=\"async\" src=\"https:\/\/orleansprestigegardensheds.com\/wp-content\/uploads\/2022\/09\/orleansprestige-balancoire.jpg\" alt=\"orleansprestige-balancoire\" \/><\/div><div class=\"pp-image-slider-thumb-overlay pp-media-overlay\"><\/div><\/div><\/a>\t\t\t<\/div>\n\t\t\t\t\t\t\t\t\t<\/div>\n\t\t\t\t\t<\/div>\n\t\t\t\t\t\t\t\t\t<div class=\"pp-slider-arrow elementor-swiper-button-prev swiper-button-prev-f8750e0\" role=\"button\" tabindex=\"0\">\n\t\t\t\t\t<i aria-hidden=\"true\" class=\"fas fa-angle-left\"><\/i>\t\t\t\t<\/div>\n\t\t\t\t<div class=\"pp-slider-arrow elementor-swiper-button-next swiper-button-next-f8750e0\" role=\"button\" tabindex=\"0\">\n\t\t\t\t\t<i aria-hidden=\"true\" class=\"fas fa-angle-right\"><\/i>\t\t\t\t<\/div>\n\t\t\t\t\t\t\t<\/div>\n\t\t\t<\/div>\n\t\t\t\t\t<\/div>\n\t\t\t\t\t\t\t<\/div>\n\t\t\t\t<\/div>\n\t\t\t\t\t<\/div>\n\t\t<\/div>\n\t\t\t\t\t<\/div>\n\t\t<\/section>\n\t\t\t\t<section class=\"elementor-section elementor-top-section elementor-element elementor-element-373d8c5 elementor-section-full_width elementor-section-height-default elementor-section-height-default\" data-id=\"373d8c5\" data-element_type=\"section\" data-e-type=\"section\">\n\t\t\t\t\t\t<div class=\"elementor-container elementor-column-gap-no\">\n\t\t\t\t\t<div class=\"elementor-column elementor-col-100 elementor-top-column elementor-element elementor-element-7b88123\" data-id=\"7b88123\" data-element_type=\"column\" data-e-type=\"column\">\n\t\t\t<div class=\"elementor-widget-wrap elementor-element-populated\">\n\t\t\t\t\t\t<div class=\"elementor-element elementor-element-10fc072 elementor-widget elementor-widget-template\" data-id=\"10fc072\" data-element_type=\"widget\" data-e-type=\"widget\" data-widget_type=\"template.default\">\n\t\t\t\t<div class=\"elementor-widget-container\">\n\t\t\t\t\t\t\t<div class=\"elementor-template\">\n\t\t\t\t\t<div data-elementor-type=\"section\" data-elementor-id=\"5817\" class=\"elementor elementor-5817\" data-elementor-post-type=\"elementor_library\">\n\t\t\t\t\t<section class=\"elementor-section elementor-top-section elementor-element elementor-element-13890482 elementor-section-boxed elementor-section-height-default elementor-section-height-default\" data-id=\"13890482\" data-element_type=\"section\" data-e-type=\"section\" data-settings=\"{&quot;background_background&quot;:&quot;classic&quot;,&quot;background_motion_fx_motion_fx_scrolling&quot;:&quot;yes&quot;,&quot;background_motion_fx_translateY_effect&quot;:&quot;yes&quot;,&quot;background_motion_fx_translateY_direction&quot;:&quot;negative&quot;,&quot;motion_fx_motion_fx_scrolling&quot;:&quot;yes&quot;,&quot;background_motion_fx_translateY_speed&quot;:{&quot;unit&quot;:&quot;px&quot;,&quot;size&quot;:4,&quot;sizes&quot;:[]},&quot;background_motion_fx_translateY_affectedRange&quot;:{&quot;unit&quot;:&quot;%&quot;,&quot;size&quot;:&quot;&quot;,&quot;sizes&quot;:{&quot;start&quot;:0,&quot;end&quot;:100}},&quot;background_motion_fx_devices&quot;:[&quot;desktop&quot;,&quot;tablet&quot;,&quot;mobile&quot;],&quot;motion_fx_devices&quot;:[&quot;desktop&quot;,&quot;tablet&quot;,&quot;mobile&quot;]}\">\n\t\t\t\t\t\t\t<div class=\"elementor-background-overlay\"><\/div>\n\t\t\t\t\t\t\t<div class=\"elementor-container elementor-column-gap-default\">\n\t\t\t\t\t<div class=\"elementor-column elementor-col-100 elementor-top-column elementor-element elementor-element-37839493\" data-id=\"37839493\" data-element_type=\"column\" data-e-type=\"column\">\n\t\t\t<div class=\"elementor-widget-wrap elementor-element-populated\">\n\t\t\t\t\t\t<div class=\"elementor-element elementor-element-7ba1194a elementor-widget elementor-widget-text-editor\" data-id=\"7ba1194a\" data-element_type=\"widget\" data-e-type=\"widget\" data-widget_type=\"text-editor.default\">\n\t\t\t\t<div class=\"elementor-widget-container\">\n\t\t\t\t\t\t\t\t\tPour obtenir une soumission\t\t\t\t\t\t\t\t<\/div>\n\t\t\t\t<\/div>\n\t\t\t\t<div class=\"elementor-element elementor-element-3c5915f6 elementor-align-center elementor-icon-list--layout-traditional elementor-list-item-link-full_width elementor-widget elementor-widget-icon-list\" data-id=\"3c5915f6\" data-element_type=\"widget\" data-e-type=\"widget\" data-widget_type=\"icon-list.default\">\n\t\t\t\t<div class=\"elementor-widget-container\">\n\t\t\t\t\t\t\t<ul class=\"elementor-icon-list-items\">\n\t\t\t\t\t\t\t<li class=\"elementor-icon-list-item\">\n\t\t\t\t\t\t\t\t\t\t\t<a href=\"tel:613-830-1167\">\n\n\t\t\t\t\t\t\t\t\t\t\t\t<span class=\"elementor-icon-list-icon\">\n\t\t\t\t\t\t\t<i aria-hidden=\"true\" class=\"fas fa-phone-alt\"><\/i>\t\t\t\t\t\t<\/span>\n\t\t\t\t\t\t\t\t\t\t<span class=\"elementor-icon-list-text\">613 830-1167<\/span>\n\t\t\t\t\t\t\t\t\t\t\t<\/a>\n\t\t\t\t\t\t\t\t\t<\/li>\n\t\t\t\t\t\t<\/ul>\n\t\t\t\t\t\t<\/div>\n\t\t\t\t<\/div>\n\t\t\t\t<div class=\"elementor-element elementor-element-4b45bb22 elementor-align-center elementor-widget elementor-widget-button\" data-id=\"4b45bb22\" data-element_type=\"widget\" data-e-type=\"widget\" data-widget_type=\"button.default\">\n\t\t\t\t<div class=\"elementor-widget-container\">\n\t\t\t\t\t\t\t\t\t<div class=\"elementor-button-wrapper\">\n\t\t\t\t\t<a class=\"elementor-button elementor-button-link elementor-size-xl\" href=\"https:\/\/orleansprestigegardensheds.com\/fr\/soumission\/\">\n\t\t\t\t\t\t<span class=\"elementor-button-content-wrapper\">\n\t\t\t\t\t\t\t\t\t<span class=\"elementor-button-text\">SOUMISSION EN LIGNE<\/span>\n\t\t\t\t\t<\/span>\n\t\t\t\t\t<\/a>\n\t\t\t\t<\/div>\n\t\t\t\t\t\t\t\t<\/div>\n\t\t\t\t<\/div>\n\t\t\t\t\t<\/div>\n\t\t<\/div>\n\t\t\t\t\t<\/div>\n\t\t<\/section>\n\t\t\t\t<\/div>\n\t\t\t\t<\/div>\n\t\t\t\t\t\t<\/div>\n\t\t\t\t<\/div>\n\t\t\t\t\t<\/div>\n\t\t<\/div>\n\t\t\t\t\t<\/div>\n\t\t<\/section>\n\t\t\t\t<\/div>\n\t\t","protected":false},"excerpt":{"rendered":"<p>Gaz\u00e9bos personnalis\u00e9s sur mesure Distributeurs des produits Gaz\u00e9bec. Gaz\u00e9bec Inc. est une entreprise familiale qu\u00e9b\u00e9coise se sp\u00e9cialisant dans la fabrication de gloriettes (gaz\u00e9bos) et de meubles de jardin enti\u00e8rement faits de c\u00e8dre rouge de l\u2019Ouest. Permettant de profiter de l\u2019air pur tout en \u00e9tant \u00e0 l\u2019abri des insectes et des rayons du soleil, les gloriettes&#8230;<\/p>\n","protected":false},"author":4,"featured_media":0,"parent":0,"menu_order":0,"comment_status":"closed","ping_status":"closed","template":"elementor_header_footer","meta":{"footnotes":""},"class_list":["post-5331","page","type-page","status-publish","hentry"],"aioseo_notices":[],"_links":{"self":[{"href":"https:\/\/orleansprestigegardensheds.com\/fr\/wp-json\/wp\/v2\/pages\/5331","targetHints":{"allow":["GET"]}}],"collection":[{"href":"https:\/\/orleansprestigegardensheds.com\/fr\/wp-json\/wp\/v2\/pages"}],"about":[{"href":"https:\/\/orleansprestigegardensheds.com\/fr\/wp-json\/wp\/v2\/types\/page"}],"author":[{"embeddable":true,"href":"https:\/\/orleansprestigegardensheds.com\/fr\/wp-json\/wp\/v2\/users\/4"}],"replies":[{"embeddable":true,"href":"https:\/\/orleansprestigegardensheds.com\/fr\/wp-json\/wp\/v2\/comments?post=5331"}],"version-history":[{"count":95,"href":"https:\/\/orleansprestigegardensheds.com\/fr\/wp-json\/wp\/v2\/pages\/5331\/revisions"}],"predecessor-version":[{"id":7884,"href":"https:\/\/orleansprestigegardensheds.com\/fr\/wp-json\/wp\/v2\/pages\/5331\/revisions\/7884"}],"wp:attachment":[{"href":"https:\/\/orleansprestigegardensheds.com\/fr\/wp-json\/wp\/v2\/media?parent=5331"}],"curies":[{"name":"wp","href":"https:\/\/api.w.org\/{rel}","templated":true}]}}