{"id":5420,"date":"2022-09-14T17:54:22","date_gmt":"2022-09-14T15:54:22","guid":{"rendered":"https:\/\/orleansprestigegardensheds.com\/?page_id=5420"},"modified":"2023-03-03T15:04:56","modified_gmt":"2023-03-03T20:04:56","slug":"ensembles-de-patio","status":"publish","type":"page","link":"https:\/\/orleansprestigegardensheds.com\/fr\/ensembles-de-patio\/","title":{"rendered":"Ensembles de patio"},"content":{"rendered":"\t\t<div data-elementor-type=\"wp-page\" data-elementor-id=\"5420\" class=\"elementor elementor-5420\" data-elementor-post-type=\"page\">\n\t\t\t\t\t\t<section class=\"elementor-section elementor-top-section elementor-element elementor-element-9ab8538 elementor-section-full_width elementor-section-stretched elementor-section-height-default elementor-section-height-default\" data-id=\"9ab8538\" data-element_type=\"section\" data-e-type=\"section\" data-settings=\"{&quot;stretch_section&quot;:&quot;section-stretched&quot;}\">\n\t\t\t\t\t\t<div class=\"elementor-container elementor-column-gap-default\">\n\t\t\t\t\t<div class=\"elementor-column elementor-col-50 elementor-top-column elementor-element elementor-element-82f3602\" data-id=\"82f3602\" data-element_type=\"column\" data-e-type=\"column\">\n\t\t\t<div class=\"elementor-widget-wrap elementor-element-populated\">\n\t\t\t\t\t\t<div class=\"elementor-element elementor-element-52de5bb elementor-widget elementor-widget-image\" data-id=\"52de5bb\" data-element_type=\"widget\" data-e-type=\"widget\" data-widget_type=\"image.default\">\n\t\t\t\t<div class=\"elementor-widget-container\">\n\t\t\t\t\t\t\t\t\t\t\t\t\t\t\t<img fetchpriority=\"high\" decoding=\"async\" width=\"1024\" height=\"683\" src=\"https:\/\/orleansprestigegardensheds.com\/wp-content\/uploads\/2022\/09\/orleansprestige-ensemble-patio-09.jpg\" class=\"attachment-large size-large wp-image-5424\" alt=\"\" srcset=\"https:\/\/orleansprestigegardensheds.com\/wp-content\/uploads\/2022\/09\/orleansprestige-ensemble-patio-09.jpg 1024w, https:\/\/orleansprestigegardensheds.com\/wp-content\/uploads\/2022\/09\/orleansprestige-ensemble-patio-09-300x200.jpg 300w\" sizes=\"(max-width: 1024px) 100vw, 1024px\" \/>\t\t\t\t\t\t\t\t\t\t\t\t\t\t\t<\/div>\n\t\t\t\t<\/div>\n\t\t\t\t\t<\/div>\n\t\t<\/div>\n\t\t\t\t<div class=\"elementor-column elementor-col-50 elementor-top-column elementor-element elementor-element-a113eb6\" data-id=\"a113eb6\" data-element_type=\"column\" data-e-type=\"column\">\n\t\t\t<div class=\"elementor-widget-wrap elementor-element-populated\">\n\t\t\t\t\t\t<div class=\"elementor-element elementor-element-8dff590 elementor-widget elementor-widget-heading\" data-id=\"8dff590\" data-element_type=\"widget\" data-e-type=\"widget\" data-widget_type=\"heading.default\">\n\t\t\t\t<div class=\"elementor-widget-container\">\n\t\t\t\t\t<h2 class=\"elementor-heading-title elementor-size-default\">Nos ensembles de patio<\/h2>\t\t\t\t<\/div>\n\t\t\t\t<\/div>\n\t\t\t\t<div class=\"elementor-element elementor-element-feac491 nomarginp elementor-widget elementor-widget-text-editor\" data-id=\"feac491\" data-element_type=\"widget\" data-e-type=\"widget\" data-widget_type=\"text-editor.default\">\n\t\t\t\t<div class=\"elementor-widget-container\">\n\t\t\t\t\t\t\t\t\t<p>Nous offrons diff\u00e9rentes gammes de produits pour votre cour ext\u00e9rieure comme chaises ber\u00e7antes et bancs ber\u00e7ants pour la relaxation ainsi que des ensembles patio (tables et chaises) pour partager un bon repas dans le confort.<\/p><p>Voyez tous nos mod\u00e8les en succursale.<\/p>\t\t\t\t\t\t\t\t<\/div>\n\t\t\t\t<\/div>\n\t\t\t\t<div class=\"elementor-element elementor-element-0674c1a elementor-widget__width-auto elementor-widget elementor-widget-button\" data-id=\"0674c1a\" data-element_type=\"widget\" data-e-type=\"widget\" data-widget_type=\"button.default\">\n\t\t\t\t<div class=\"elementor-widget-container\">\n\t\t\t\t\t\t\t\t\t<div class=\"elementor-button-wrapper\">\n\t\t\t\t\t<a class=\"elementor-button elementor-button-link elementor-size-md\" href=\"https:\/\/orleansprestigegardensheds.com\/wp-content\/uploads\/2022\/11\/Chaise-Oscillantes-Chaise-Longue.pdf\" target=\"_blank\">\n\t\t\t\t\t\t<span class=\"elementor-button-content-wrapper\">\n\t\t\t\t\t\t\t\t\t<span class=\"elementor-button-text\">Oscillantes et chaise longue<\/span>\n\t\t\t\t\t<\/span>\n\t\t\t\t\t<\/a>\n\t\t\t\t<\/div>\n\t\t\t\t\t\t\t\t<\/div>\n\t\t\t\t<\/div>\n\t\t\t\t<div class=\"elementor-element elementor-element-ac9f93b elementor-widget__width-auto elementor-widget elementor-widget-button\" data-id=\"ac9f93b\" data-element_type=\"widget\" data-e-type=\"widget\" data-widget_type=\"button.default\">\n\t\t\t\t<div class=\"elementor-widget-container\">\n\t\t\t\t\t\t\t\t\t<div class=\"elementor-button-wrapper\">\n\t\t\t\t\t<a class=\"elementor-button elementor-button-link elementor-size-md\" href=\"https:\/\/orleansprestigegardensheds.com\/wp-content\/uploads\/2022\/11\/chaises-empilables-serie-veranda-dossier-ergonomique.pdf\" target=\"_blank\">\n\t\t\t\t\t\t<span class=\"elementor-button-content-wrapper\">\n\t\t\t\t\t\t\t\t\t<span class=\"elementor-button-text\">Chaises empilables<\/span>\n\t\t\t\t\t<\/span>\n\t\t\t\t\t<\/a>\n\t\t\t\t<\/div>\n\t\t\t\t\t\t\t\t<\/div>\n\t\t\t\t<\/div>\n\t\t\t\t<div class=\"elementor-element elementor-element-78965ca elementor-widget__width-auto elementor-widget elementor-widget-button\" data-id=\"78965ca\" data-element_type=\"widget\" data-e-type=\"widget\" data-widget_type=\"button.default\">\n\t\t\t\t<div class=\"elementor-widget-container\">\n\t\t\t\t\t\t\t\t\t<div class=\"elementor-button-wrapper\">\n\t\t\t\t\t<a class=\"elementor-button elementor-button-link elementor-size-md\" href=\"https:\/\/orleansprestigegardensheds.com\/wp-content\/uploads\/2023\/02\/JD002NR-AT-BORDEAUX_Fr.pdf\" target=\"_blank\">\n\t\t\t\t\t\t<span class=\"elementor-button-content-wrapper\">\n\t\t\t\t\t\t\t\t\t<span class=\"elementor-button-text\">Sectionnel 5 places (Bordeaux)<\/span>\n\t\t\t\t\t<\/span>\n\t\t\t\t\t<\/a>\n\t\t\t\t<\/div>\n\t\t\t\t\t\t\t\t<\/div>\n\t\t\t\t<\/div>\n\t\t\t\t<div class=\"elementor-element elementor-element-504281c elementor-widget__width-auto elementor-widget elementor-widget-button\" data-id=\"504281c\" data-element_type=\"widget\" data-e-type=\"widget\" data-widget_type=\"button.default\">\n\t\t\t\t<div class=\"elementor-widget-container\">\n\t\t\t\t\t\t\t\t\t<div class=\"elementor-button-wrapper\">\n\t\t\t\t\t<a class=\"elementor-button elementor-button-link elementor-size-md\" href=\"https:\/\/orleansprestigegardensheds.com\/wp-content\/uploads\/2023\/02\/JD006NR-GS-CABERNET_Fr.pdf\" target=\"_blank\">\n\t\t\t\t\t\t<span class=\"elementor-button-content-wrapper\">\n\t\t\t\t\t\t\t\t\t<span class=\"elementor-button-text\">Ensemble 5 places (Cabernet)<\/span>\n\t\t\t\t\t<\/span>\n\t\t\t\t\t<\/a>\n\t\t\t\t<\/div>\n\t\t\t\t\t\t\t\t<\/div>\n\t\t\t\t<\/div>\n\t\t\t\t<div class=\"elementor-element elementor-element-61d39e2 elementor-widget__width-auto elementor-widget elementor-widget-button\" data-id=\"61d39e2\" data-element_type=\"widget\" data-e-type=\"widget\" data-widget_type=\"button.default\">\n\t\t\t\t<div class=\"elementor-widget-container\">\n\t\t\t\t\t\t\t\t\t<div class=\"elementor-button-wrapper\">\n\t\t\t\t\t<a class=\"elementor-button elementor-button-link elementor-size-md\" href=\"https:\/\/orleansprestigegardensheds.com\/wp-content\/uploads\/2023\/02\/JD008ROG-GS-CHARDONNAY_Fr.pdf\" target=\"_blank\">\n\t\t\t\t\t\t<span class=\"elementor-button-content-wrapper\">\n\t\t\t\t\t\t\t\t\t<span class=\"elementor-button-text\">Sectionnel en rotin (Chardonnay)<\/span>\n\t\t\t\t\t<\/span>\n\t\t\t\t\t<\/a>\n\t\t\t\t<\/div>\n\t\t\t\t\t\t\t\t<\/div>\n\t\t\t\t<\/div>\n\t\t\t\t<div class=\"elementor-element elementor-element-740f573 elementor-widget__width-auto elementor-widget elementor-widget-button\" data-id=\"740f573\" data-element_type=\"widget\" data-e-type=\"widget\" data-widget_type=\"button.default\">\n\t\t\t\t<div class=\"elementor-widget-container\">\n\t\t\t\t\t\t\t\t\t<div class=\"elementor-button-wrapper\">\n\t\t\t\t\t<a class=\"elementor-button elementor-button-link elementor-size-md\" href=\"https:\/\/orleansprestigegardensheds.com\/wp-content\/uploads\/2023\/02\/JD004NR-GS-PINOT_Fr.pdf\" target=\"_blank\">\n\t\t\t\t\t\t<span class=\"elementor-button-content-wrapper\">\n\t\t\t\t\t\t\t\t\t<span class=\"elementor-button-text\">Sectionnel 6 places (Pinot)<\/span>\n\t\t\t\t\t<\/span>\n\t\t\t\t\t<\/a>\n\t\t\t\t<\/div>\n\t\t\t\t\t\t\t\t<\/div>\n\t\t\t\t<\/div>\n\t\t\t\t\t<\/div>\n\t\t<\/div>\n\t\t\t\t\t<\/div>\n\t\t<\/section>\n\t\t\t\t<section class=\"elementor-section elementor-top-section elementor-element elementor-element-b08b761 elementor-section-full_width elementor-section-stretched elementor-section-height-default elementor-section-height-default\" data-id=\"b08b761\" data-element_type=\"section\" data-e-type=\"section\" data-settings=\"{&quot;stretch_section&quot;:&quot;section-stretched&quot;}\">\n\t\t\t\t\t\t<div class=\"elementor-container elementor-column-gap-default\">\n\t\t\t\t\t<div class=\"elementor-column elementor-col-100 elementor-top-column elementor-element elementor-element-5500d5a\" data-id=\"5500d5a\" data-element_type=\"column\" data-e-type=\"column\">\n\t\t\t<div class=\"elementor-widget-wrap elementor-element-populated\">\n\t\t\t\t\t\t<div class=\"elementor-element elementor-element-af27fd4 pp-image-slider-carousel pp-ins-normal pp-ins-hover-normal elementor-widget elementor-widget-pp-image-slider\" data-id=\"af27fd4\" data-element_type=\"widget\" data-e-type=\"widget\" data-settings=\"{&quot;skin&quot;:&quot;carousel&quot;,&quot;pause_on_hover&quot;:&quot;yes&quot;,&quot;infinite_loop&quot;:&quot;yes&quot;}\" data-widget_type=\"pp-image-slider.default\">\n\t\t\t\t<div class=\"elementor-widget-container\">\n\t\t\t\t\t\t\t\t\t<div class=\"pp-image-slider-container\">\n\t\t\t<div class=\"pp-image-slider-wrap swiper-container-wrap\">\n\t\t\t\t<div class=\"pp-image-slider-box\">\n\t\t\t\t\t<div class=\"pp-image-slider pp-swiper-slider swiper\" id=\"pp-image-slider-af27fd4\" data-fancybox-settings=\"{&quot;loop&quot;:true,&quot;arrows&quot;:true,&quot;infobar&quot;:true,&quot;keyboard&quot;:true,&quot;toolbar&quot;:true,&quot;buttons&quot;:[&quot;zoom&quot;,&quot;slideShow&quot;,&quot;thumbs&quot;,&quot;close&quot;],&quot;animationEffect&quot;:&quot;zoom&quot;,&quot;transitionEffect&quot;:&quot;fade&quot;,&quot;baseClass&quot;:&quot;pp-gallery-fancybox pp-gallery-fancybox-af27fd4  pp-fancybox-thumbs-y&quot;,&quot;thumbs&quot;:{&quot;autoStart&quot;:false,&quot;axis&quot;:&quot;y&quot;}}\" data-slider-settings=\"{&quot;direction&quot;:&quot;horizontal&quot;,&quot;effect&quot;:&quot;slide&quot;,&quot;speed&quot;:600,&quot;slides_per_view&quot;:3,&quot;slides_per_group&quot;:1,&quot;space_between&quot;:10,&quot;auto_height&quot;:true,&quot;loop&quot;:&quot;yes&quot;,&quot;autoplay&quot;:&quot;yes&quot;,&quot;autoplay_speed&quot;:3000,&quot;show_arrows&quot;:true,&quot;slides_per_view_mobile&quot;:1,&quot;slides_per_group_mobile&quot;:1,&quot;space_between_mobile&quot;:10,&quot;slides_per_view_tablet&quot;:2,&quot;slides_per_group_tablet&quot;:1,&quot;space_between_tablet&quot;:10}\">\n\t\t\t\t\t\t<div class=\"swiper-wrapper\">\n\t\t\t\t\t\t\t\t\t\t<div class=\"pp-image-slider-thumb-item-wrap pp-swiper-slide swiper-slide\">\n\t\t\t\t<a data-elementor-open-lightbox=\"no\" data-fancybox=\"pp-image-slider-af27fd4\" data-caption=\"Bordeaux\" data-src=\"https:\/\/orleansprestigegardensheds.com\/wp-content\/uploads\/2023\/02\/orleansprestige-ensemble-patio-02-1.jpeg\" class=\"pp-image-slider-slide-link\"><div class=\"pp-image-slider-thumb-item pp-image pp-ins-filter-hover\"><div class=\"pp-image-slider-thumb-image pp-ins-filter-target\"><img decoding=\"async\" src=\"https:\/\/orleansprestigegardensheds.com\/wp-content\/uploads\/2023\/02\/orleansprestige-ensemble-patio-02-1.jpeg\" alt=\"Bordeaux\" \/><\/div><div class=\"pp-image-slider-thumb-overlay pp-media-overlay\"><\/div><div class=\"pp-image-slider-content pp-media-content\">\t\t<div class=\"pp-image-slider-caption\">\n\t\t\tBordeaux\t\t<\/div>\n\t\t<\/div><\/div><\/a>\t\t\t<\/div>\n\t\t\t\t\t\t<div class=\"pp-image-slider-thumb-item-wrap pp-swiper-slide swiper-slide\">\n\t\t\t\t<a data-elementor-open-lightbox=\"no\" data-fancybox=\"pp-image-slider-af27fd4\" data-caption=\"Cabernet\" data-src=\"https:\/\/orleansprestigegardensheds.com\/wp-content\/uploads\/2023\/02\/cabernet.jpg\" class=\"pp-image-slider-slide-link\"><div class=\"pp-image-slider-thumb-item pp-image pp-ins-filter-hover\"><div class=\"pp-image-slider-thumb-image pp-ins-filter-target\"><img decoding=\"async\" src=\"https:\/\/orleansprestigegardensheds.com\/wp-content\/uploads\/2023\/02\/cabernet.jpg\" alt=\"Cabernet\" \/><\/div><div class=\"pp-image-slider-thumb-overlay pp-media-overlay\"><\/div><div class=\"pp-image-slider-content pp-media-content\">\t\t<div class=\"pp-image-slider-caption\">\n\t\t\tCabernet\t\t<\/div>\n\t\t<\/div><\/div><\/a>\t\t\t<\/div>\n\t\t\t\t\t\t<div class=\"pp-image-slider-thumb-item-wrap pp-swiper-slide swiper-slide\">\n\t\t\t\t<a data-elementor-open-lightbox=\"no\" data-fancybox=\"pp-image-slider-af27fd4\" data-caption=\"Chardonnay\" data-src=\"https:\/\/orleansprestigegardensheds.com\/wp-content\/uploads\/2023\/02\/chardonnay.jpg\" class=\"pp-image-slider-slide-link\"><div class=\"pp-image-slider-thumb-item pp-image pp-ins-filter-hover\"><div class=\"pp-image-slider-thumb-image pp-ins-filter-target\"><img decoding=\"async\" src=\"https:\/\/orleansprestigegardensheds.com\/wp-content\/uploads\/2023\/02\/chardonnay.jpg\" alt=\"Chardonnay\" \/><\/div><div class=\"pp-image-slider-thumb-overlay pp-media-overlay\"><\/div><div class=\"pp-image-slider-content pp-media-content\">\t\t<div class=\"pp-image-slider-caption\">\n\t\t\tChardonnay\t\t<\/div>\n\t\t<\/div><\/div><\/a>\t\t\t<\/div>\n\t\t\t\t\t\t<div class=\"pp-image-slider-thumb-item-wrap pp-swiper-slide swiper-slide\">\n\t\t\t\t<a data-elementor-open-lightbox=\"no\" data-fancybox=\"pp-image-slider-af27fd4\" data-caption=\"Pinot\" data-src=\"https:\/\/orleansprestigegardensheds.com\/wp-content\/uploads\/2023\/02\/pinot.jpg\" class=\"pp-image-slider-slide-link\"><div class=\"pp-image-slider-thumb-item pp-image pp-ins-filter-hover\"><div class=\"pp-image-slider-thumb-image pp-ins-filter-target\"><img decoding=\"async\" src=\"https:\/\/orleansprestigegardensheds.com\/wp-content\/uploads\/2023\/02\/pinot.jpg\" alt=\"Pinot\" \/><\/div><div class=\"pp-image-slider-thumb-overlay pp-media-overlay\"><\/div><div class=\"pp-image-slider-content pp-media-content\">\t\t<div class=\"pp-image-slider-caption\">\n\t\t\tPinot\t\t<\/div>\n\t\t<\/div><\/div><\/a>\t\t\t<\/div>\n\t\t\t\t\t\t<div class=\"pp-image-slider-thumb-item-wrap pp-swiper-slide swiper-slide\">\n\t\t\t\t<a data-elementor-open-lightbox=\"no\" data-fancybox=\"pp-image-slider-af27fd4\" data-caption=\"Sauvignon\" data-src=\"https:\/\/orleansprestigegardensheds.com\/wp-content\/uploads\/2023\/02\/orleansprestige-ensemble-patio-03.jpeg\" class=\"pp-image-slider-slide-link\"><div class=\"pp-image-slider-thumb-item pp-image pp-ins-filter-hover\"><div class=\"pp-image-slider-thumb-image pp-ins-filter-target\"><img decoding=\"async\" src=\"https:\/\/orleansprestigegardensheds.com\/wp-content\/uploads\/2023\/02\/orleansprestige-ensemble-patio-03.jpeg\" alt=\"Sauvignon\" \/><\/div><div class=\"pp-image-slider-thumb-overlay pp-media-overlay\"><\/div><div class=\"pp-image-slider-content pp-media-content\">\t\t<div class=\"pp-image-slider-caption\">\n\t\t\tSauvignon\t\t<\/div>\n\t\t<\/div><\/div><\/a>\t\t\t<\/div>\n\t\t\t\t\t\t<div class=\"pp-image-slider-thumb-item-wrap pp-swiper-slide swiper-slide\">\n\t\t\t\t<a data-elementor-open-lightbox=\"no\" data-fancybox=\"pp-image-slider-af27fd4\" data-caption=\"Chaise empilable\" data-src=\"https:\/\/orleansprestigegardensheds.com\/wp-content\/uploads\/2023\/02\/orleansprestige-ensemble-patio-04.jpeg\" class=\"pp-image-slider-slide-link\"><div class=\"pp-image-slider-thumb-item pp-image pp-ins-filter-hover\"><div class=\"pp-image-slider-thumb-image pp-ins-filter-target\"><img decoding=\"async\" src=\"https:\/\/orleansprestigegardensheds.com\/wp-content\/uploads\/2023\/02\/orleansprestige-ensemble-patio-04.jpeg\" alt=\"Chaise empilable\" \/><\/div><div class=\"pp-image-slider-thumb-overlay pp-media-overlay\"><\/div><div class=\"pp-image-slider-content pp-media-content\">\t\t<div class=\"pp-image-slider-caption\">\n\t\t\tChaise empilable\t\t<\/div>\n\t\t<\/div><\/div><\/a>\t\t\t<\/div>\n\t\t\t\t\t\t<div class=\"pp-image-slider-thumb-item-wrap pp-swiper-slide swiper-slide\">\n\t\t\t\t<a data-elementor-open-lightbox=\"no\" data-fancybox=\"pp-image-slider-af27fd4\" data-caption=\"Chaise longue\" data-src=\"https:\/\/orleansprestigegardensheds.com\/wp-content\/uploads\/2023\/02\/orleansprestige-ensemble-patio-05.jpeg\" class=\"pp-image-slider-slide-link\"><div class=\"pp-image-slider-thumb-item pp-image pp-ins-filter-hover\"><div class=\"pp-image-slider-thumb-image pp-ins-filter-target\"><img decoding=\"async\" src=\"https:\/\/orleansprestigegardensheds.com\/wp-content\/uploads\/2023\/02\/orleansprestige-ensemble-patio-05.jpeg\" alt=\"Chaise longue\" \/><\/div><div class=\"pp-image-slider-thumb-overlay pp-media-overlay\"><\/div><div class=\"pp-image-slider-content pp-media-content\">\t\t<div class=\"pp-image-slider-caption\">\n\t\t\tChaise longue\t\t<\/div>\n\t\t<\/div><\/div><\/a>\t\t\t<\/div>\n\t\t\t\t\t\t\t\t\t<\/div>\n\t\t\t\t\t<\/div>\n\t\t\t\t\t\t\t\t\t<div class=\"pp-slider-arrow elementor-swiper-button-prev swiper-button-prev-af27fd4\" role=\"button\" tabindex=\"0\">\n\t\t\t\t\t<i aria-hidden=\"true\" class=\"fas fa-angle-left\"><\/i>\t\t\t\t<\/div>\n\t\t\t\t<div class=\"pp-slider-arrow elementor-swiper-button-next swiper-button-next-af27fd4\" role=\"button\" tabindex=\"0\">\n\t\t\t\t\t<i aria-hidden=\"true\" class=\"fas fa-angle-right\"><\/i>\t\t\t\t<\/div>\n\t\t\t\t\t\t\t<\/div>\n\t\t\t<\/div>\n\t\t\t\t\t<\/div>\n\t\t\t\t\t\t\t<\/div>\n\t\t\t\t<\/div>\n\t\t\t\t\t<\/div>\n\t\t<\/div>\n\t\t\t\t\t<\/div>\n\t\t<\/section>\n\t\t\t\t<section class=\"elementor-section elementor-top-section elementor-element elementor-element-c4003d0 elementor-section-full_width elementor-section-height-default elementor-section-height-default\" data-id=\"c4003d0\" data-element_type=\"section\" data-e-type=\"section\">\n\t\t\t\t\t\t<div class=\"elementor-container elementor-column-gap-no\">\n\t\t\t\t\t<div class=\"elementor-column elementor-col-100 elementor-top-column elementor-element elementor-element-2e7d65f\" data-id=\"2e7d65f\" data-element_type=\"column\" data-e-type=\"column\">\n\t\t\t<div class=\"elementor-widget-wrap elementor-element-populated\">\n\t\t\t\t\t\t<div class=\"elementor-element elementor-element-e495746 elementor-widget elementor-widget-template\" data-id=\"e495746\" data-element_type=\"widget\" data-e-type=\"widget\" data-widget_type=\"template.default\">\n\t\t\t\t<div class=\"elementor-widget-container\">\n\t\t\t\t\t\t\t<div class=\"elementor-template\">\n\t\t\t\t\t<div data-elementor-type=\"section\" data-elementor-id=\"5817\" class=\"elementor elementor-5817\" data-elementor-post-type=\"elementor_library\">\n\t\t\t\t\t<section class=\"elementor-section elementor-top-section elementor-element elementor-element-13890482 elementor-section-boxed elementor-section-height-default elementor-section-height-default\" data-id=\"13890482\" data-element_type=\"section\" data-e-type=\"section\" data-settings=\"{&quot;background_background&quot;:&quot;classic&quot;,&quot;background_motion_fx_motion_fx_scrolling&quot;:&quot;yes&quot;,&quot;background_motion_fx_translateY_effect&quot;:&quot;yes&quot;,&quot;background_motion_fx_translateY_direction&quot;:&quot;negative&quot;,&quot;motion_fx_motion_fx_scrolling&quot;:&quot;yes&quot;,&quot;background_motion_fx_translateY_speed&quot;:{&quot;unit&quot;:&quot;px&quot;,&quot;size&quot;:4,&quot;sizes&quot;:[]},&quot;background_motion_fx_translateY_affectedRange&quot;:{&quot;unit&quot;:&quot;%&quot;,&quot;size&quot;:&quot;&quot;,&quot;sizes&quot;:{&quot;start&quot;:0,&quot;end&quot;:100}},&quot;background_motion_fx_devices&quot;:[&quot;desktop&quot;,&quot;tablet&quot;,&quot;mobile&quot;],&quot;motion_fx_devices&quot;:[&quot;desktop&quot;,&quot;tablet&quot;,&quot;mobile&quot;]}\">\n\t\t\t\t\t\t\t<div class=\"elementor-background-overlay\"><\/div>\n\t\t\t\t\t\t\t<div class=\"elementor-container elementor-column-gap-default\">\n\t\t\t\t\t<div class=\"elementor-column elementor-col-100 elementor-top-column elementor-element elementor-element-37839493\" data-id=\"37839493\" data-element_type=\"column\" data-e-type=\"column\">\n\t\t\t<div class=\"elementor-widget-wrap elementor-element-populated\">\n\t\t\t\t\t\t<div class=\"elementor-element elementor-element-7ba1194a elementor-widget elementor-widget-text-editor\" data-id=\"7ba1194a\" data-element_type=\"widget\" data-e-type=\"widget\" data-widget_type=\"text-editor.default\">\n\t\t\t\t<div class=\"elementor-widget-container\">\n\t\t\t\t\t\t\t\t\tPour obtenir une soumission\t\t\t\t\t\t\t\t<\/div>\n\t\t\t\t<\/div>\n\t\t\t\t<div class=\"elementor-element elementor-element-3c5915f6 elementor-align-center elementor-icon-list--layout-traditional elementor-list-item-link-full_width elementor-widget elementor-widget-icon-list\" data-id=\"3c5915f6\" data-element_type=\"widget\" data-e-type=\"widget\" data-widget_type=\"icon-list.default\">\n\t\t\t\t<div class=\"elementor-widget-container\">\n\t\t\t\t\t\t\t<ul class=\"elementor-icon-list-items\">\n\t\t\t\t\t\t\t<li class=\"elementor-icon-list-item\">\n\t\t\t\t\t\t\t\t\t\t\t<a href=\"tel:613-830-1167\">\n\n\t\t\t\t\t\t\t\t\t\t\t\t<span class=\"elementor-icon-list-icon\">\n\t\t\t\t\t\t\t<i aria-hidden=\"true\" class=\"fas fa-phone-alt\"><\/i>\t\t\t\t\t\t<\/span>\n\t\t\t\t\t\t\t\t\t\t<span class=\"elementor-icon-list-text\">613 830-1167<\/span>\n\t\t\t\t\t\t\t\t\t\t\t<\/a>\n\t\t\t\t\t\t\t\t\t<\/li>\n\t\t\t\t\t\t<\/ul>\n\t\t\t\t\t\t<\/div>\n\t\t\t\t<\/div>\n\t\t\t\t<div class=\"elementor-element elementor-element-4b45bb22 elementor-align-center elementor-widget elementor-widget-button\" data-id=\"4b45bb22\" data-element_type=\"widget\" data-e-type=\"widget\" data-widget_type=\"button.default\">\n\t\t\t\t<div class=\"elementor-widget-container\">\n\t\t\t\t\t\t\t\t\t<div class=\"elementor-button-wrapper\">\n\t\t\t\t\t<a class=\"elementor-button elementor-button-link elementor-size-xl\" href=\"https:\/\/orleansprestigegardensheds.com\/fr\/soumission\/\">\n\t\t\t\t\t\t<span class=\"elementor-button-content-wrapper\">\n\t\t\t\t\t\t\t\t\t<span class=\"elementor-button-text\">SOUMISSION EN LIGNE<\/span>\n\t\t\t\t\t<\/span>\n\t\t\t\t\t<\/a>\n\t\t\t\t<\/div>\n\t\t\t\t\t\t\t\t<\/div>\n\t\t\t\t<\/div>\n\t\t\t\t\t<\/div>\n\t\t<\/div>\n\t\t\t\t\t<\/div>\n\t\t<\/section>\n\t\t\t\t<\/div>\n\t\t\t\t<\/div>\n\t\t\t\t\t\t<\/div>\n\t\t\t\t<\/div>\n\t\t\t\t\t<\/div>\n\t\t<\/div>\n\t\t\t\t\t<\/div>\n\t\t<\/section>\n\t\t\t\t<\/div>\n\t\t","protected":false},"excerpt":{"rendered":"<p>Nos ensembles de patio Nous offrons diff\u00e9rentes gammes de produits pour votre cour ext\u00e9rieure comme chaises ber\u00e7antes et bancs ber\u00e7ants pour la relaxation ainsi que des ensembles patio (tables et chaises) pour partager un bon repas dans le confort. Voyez tous nos mod\u00e8les en succursale. Oscillantes et chaise longue Chaises empilables Sectionnel 5 places (Bordeaux)&#8230;<\/p>\n","protected":false},"author":4,"featured_media":0,"parent":0,"menu_order":0,"comment_status":"closed","ping_status":"closed","template":"elementor_header_footer","meta":{"footnotes":""},"class_list":["post-5420","page","type-page","status-publish","hentry"],"aioseo_notices":[],"_links":{"self":[{"href":"https:\/\/orleansprestigegardensheds.com\/fr\/wp-json\/wp\/v2\/pages\/5420","targetHints":{"allow":["GET"]}}],"collection":[{"href":"https:\/\/orleansprestigegardensheds.com\/fr\/wp-json\/wp\/v2\/pages"}],"about":[{"href":"https:\/\/orleansprestigegardensheds.com\/fr\/wp-json\/wp\/v2\/types\/page"}],"author":[{"embeddable":true,"href":"https:\/\/orleansprestigegardensheds.com\/fr\/wp-json\/wp\/v2\/users\/4"}],"replies":[{"embeddable":true,"href":"https:\/\/orleansprestigegardensheds.com\/fr\/wp-json\/wp\/v2\/comments?post=5420"}],"version-history":[{"count":125,"href":"https:\/\/orleansprestigegardensheds.com\/fr\/wp-json\/wp\/v2\/pages\/5420\/revisions"}],"predecessor-version":[{"id":8032,"href":"https:\/\/orleansprestigegardensheds.com\/fr\/wp-json\/wp\/v2\/pages\/5420\/revisions\/8032"}],"wp:attachment":[{"href":"https:\/\/orleansprestigegardensheds.com\/fr\/wp-json\/wp\/v2\/media?parent=5420"}],"curies":[{"name":"wp","href":"https:\/\/api.w.org\/{rel}","templated":true}]}}