{"id":6310,"date":"2022-12-23T15:35:17","date_gmt":"2022-12-23T14:35:17","guid":{"rendered":"https:\/\/orleansprestigegardensheds.com\/?page_id=6310"},"modified":"2023-03-03T13:57:32","modified_gmt":"2023-03-03T18:57:32","slug":"virevents-et-drapeaux","status":"publish","type":"page","link":"https:\/\/orleansprestigegardensheds.com\/fr\/virevents-et-drapeaux\/","title":{"rendered":"Virevents et drapeaux"},"content":{"rendered":"\t\t<div data-elementor-type=\"wp-page\" data-elementor-id=\"6310\" class=\"elementor elementor-6310\" data-elementor-post-type=\"page\">\n\t\t\t\t\t\t<section class=\"elementor-section elementor-top-section elementor-element elementor-element-9ab8538 elementor-section-full_width elementor-section-stretched elementor-section-height-default elementor-section-height-default\" data-id=\"9ab8538\" data-element_type=\"section\" data-e-type=\"section\" data-settings=\"{&quot;stretch_section&quot;:&quot;section-stretched&quot;}\">\n\t\t\t\t\t\t<div class=\"elementor-container elementor-column-gap-default\">\n\t\t\t\t\t<div class=\"elementor-column elementor-col-50 elementor-top-column elementor-element elementor-element-82f3602\" data-id=\"82f3602\" data-element_type=\"column\" data-e-type=\"column\">\n\t\t\t<div class=\"elementor-widget-wrap elementor-element-populated\">\n\t\t\t\t\t\t<div class=\"elementor-element elementor-element-52de5bb elementor-widget elementor-widget-image\" data-id=\"52de5bb\" data-element_type=\"widget\" data-e-type=\"widget\" data-widget_type=\"image.default\">\n\t\t\t\t<div class=\"elementor-widget-container\">\n\t\t\t\t\t\t\t\t\t\t\t\t\t\t\t<img fetchpriority=\"high\" decoding=\"async\" width=\"473\" height=\"326\" src=\"https:\/\/orleansprestigegardensheds.com\/wp-content\/uploads\/2022\/12\/tradspin_01.jpg\" class=\"attachment-large size-large wp-image-6315\" alt=\"\" srcset=\"https:\/\/orleansprestigegardensheds.com\/wp-content\/uploads\/2022\/12\/tradspin_01.jpg 473w, https:\/\/orleansprestigegardensheds.com\/wp-content\/uploads\/2022\/12\/tradspin_01-300x207.jpg 300w\" sizes=\"(max-width: 473px) 100vw, 473px\" \/>\t\t\t\t\t\t\t\t\t\t\t\t\t\t\t<\/div>\n\t\t\t\t<\/div>\n\t\t\t\t\t<\/div>\n\t\t<\/div>\n\t\t\t\t<div class=\"elementor-column elementor-col-50 elementor-top-column elementor-element elementor-element-a113eb6\" data-id=\"a113eb6\" data-element_type=\"column\" data-e-type=\"column\">\n\t\t\t<div class=\"elementor-widget-wrap elementor-element-populated\">\n\t\t\t\t\t\t<div class=\"elementor-element elementor-element-8dff590 elementor-widget elementor-widget-heading\" data-id=\"8dff590\" data-element_type=\"widget\" data-e-type=\"widget\" data-widget_type=\"heading.default\">\n\t\t\t\t<div class=\"elementor-widget-container\">\n\t\t\t\t\t<h2 class=\"elementor-heading-title elementor-size-default\">Premier Kite Design<\/h2>\t\t\t\t<\/div>\n\t\t\t\t<\/div>\n\t\t\t\t<div class=\"elementor-element elementor-element-feac491 nomarginp elementor-widget elementor-widget-text-editor\" data-id=\"feac491\" data-element_type=\"widget\" data-e-type=\"widget\" data-widget_type=\"text-editor.default\">\n\t\t\t\t<div class=\"elementor-widget-container\">\n\t\t\t\t\t\t\t\t\t<p>Fond\u00e9e en 1983, Premier Kites &amp; Designs, une division de Primus Inc., est un leader dans le domaine du cerf-volant, l&rsquo;art du jardin et de la maison.<\/p><p>La ligne <strong>WindGarden<\/strong> est impressionnante. Elle offre des centaines de virevent de jardin, fileurs de vent et banni\u00e8res, fabriqu\u00e9s avec Suntex\u2122, un tissu r\u00e9sistant \u00e0 la d\u00e9coloration pour une durabilit\u00e9 in\u00e9gal\u00e9e. Dot\u00e9 de mat\u00e9riel de premi\u00e8re qualit\u00e9, d\u2019un roulement brevet\u00e9 \u00e0 faible frottement, et d\u2019une finition de qualit\u00e9 sup\u00e9rieure. La ligne <strong>Accent Home &amp; Garden<\/strong> propose une technique sp\u00e9ciale pour teindre des impressions et faire des broderies d\u2019une solidit\u00e9 sup\u00e9rieure.<\/p>\t\t\t\t\t\t\t\t<\/div>\n\t\t\t\t<\/div>\n\t\t\t\t<div class=\"elementor-element elementor-element-ac9f93b elementor-widget__width-auto elementor-widget elementor-widget-button\" data-id=\"ac9f93b\" data-element_type=\"widget\" data-e-type=\"widget\" data-widget_type=\"button.default\">\n\t\t\t\t<div class=\"elementor-widget-container\">\n\t\t\t\t\t\t\t\t\t<div class=\"elementor-button-wrapper\">\n\t\t\t\t\t<a class=\"elementor-button elementor-button-link elementor-size-lg\" href=\"https:\/\/www.premierkites.com\/\" target=\"_blank\">\n\t\t\t\t\t\t<span class=\"elementor-button-content-wrapper\">\n\t\t\t\t\t\t<span class=\"elementor-button-icon\">\n\t\t\t\t<i aria-hidden=\"true\" class=\"fas fa-external-link-alt\"><\/i>\t\t\t<\/span>\n\t\t\t\t\t\t\t\t\t<span class=\"elementor-button-text\">Visiter le site Internet<\/span>\n\t\t\t\t\t<\/span>\n\t\t\t\t\t<\/a>\n\t\t\t\t<\/div>\n\t\t\t\t\t\t\t\t<\/div>\n\t\t\t\t<\/div>\n\t\t\t\t\t<\/div>\n\t\t<\/div>\n\t\t\t\t\t<\/div>\n\t\t<\/section>\n\t\t\t\t<section class=\"elementor-section elementor-top-section elementor-element elementor-element-b08b761 elementor-section-full_width elementor-section-stretched elementor-section-height-default elementor-section-height-default\" data-id=\"b08b761\" data-element_type=\"section\" data-e-type=\"section\" data-settings=\"{&quot;stretch_section&quot;:&quot;section-stretched&quot;}\">\n\t\t\t\t\t\t<div class=\"elementor-container elementor-column-gap-default\">\n\t\t\t\t\t<div class=\"elementor-column elementor-col-100 elementor-top-column elementor-element elementor-element-5500d5a\" data-id=\"5500d5a\" data-element_type=\"column\" data-e-type=\"column\">\n\t\t\t<div class=\"elementor-widget-wrap elementor-element-populated\">\n\t\t\t\t\t\t<div class=\"elementor-element elementor-element-af27fd4 pp-image-slider-carousel pp-ins-normal pp-ins-hover-normal elementor-widget elementor-widget-pp-image-slider\" data-id=\"af27fd4\" data-element_type=\"widget\" data-e-type=\"widget\" data-settings=\"{&quot;skin&quot;:&quot;carousel&quot;,&quot;pause_on_hover&quot;:&quot;yes&quot;,&quot;infinite_loop&quot;:&quot;yes&quot;}\" data-widget_type=\"pp-image-slider.default\">\n\t\t\t\t<div class=\"elementor-widget-container\">\n\t\t\t\t\t\t\t\t\t<div class=\"pp-image-slider-container pp-thumbs-equal-height\">\n\t\t\t<div class=\"pp-image-slider-wrap swiper-container-wrap\">\n\t\t\t\t<div class=\"pp-image-slider-box\">\n\t\t\t\t\t<div class=\"pp-image-slider pp-swiper-slider swiper\" id=\"pp-image-slider-af27fd4\" data-fancybox-settings=\"{&quot;loop&quot;:true,&quot;arrows&quot;:true,&quot;infobar&quot;:true,&quot;keyboard&quot;:true,&quot;toolbar&quot;:true,&quot;buttons&quot;:[&quot;zoom&quot;,&quot;slideShow&quot;,&quot;thumbs&quot;,&quot;close&quot;],&quot;animationEffect&quot;:&quot;zoom&quot;,&quot;transitionEffect&quot;:&quot;fade&quot;,&quot;baseClass&quot;:&quot;pp-gallery-fancybox pp-gallery-fancybox-af27fd4  pp-fancybox-thumbs-y&quot;,&quot;thumbs&quot;:{&quot;autoStart&quot;:false,&quot;axis&quot;:&quot;y&quot;}}\" data-slider-settings=\"{&quot;direction&quot;:&quot;horizontal&quot;,&quot;effect&quot;:&quot;slide&quot;,&quot;speed&quot;:600,&quot;slides_per_view&quot;:3,&quot;slides_per_group&quot;:1,&quot;space_between&quot;:25,&quot;auto_height&quot;:true,&quot;loop&quot;:&quot;yes&quot;,&quot;autoplay&quot;:&quot;yes&quot;,&quot;autoplay_speed&quot;:3000,&quot;show_arrows&quot;:true,&quot;slides_per_view_mobile&quot;:1,&quot;slides_per_group_mobile&quot;:1,&quot;space_between_mobile&quot;:10,&quot;slides_per_view_tablet&quot;:2,&quot;slides_per_group_tablet&quot;:1,&quot;space_between_tablet&quot;:10}\">\n\t\t\t\t\t\t<div class=\"swiper-wrapper\">\n\t\t\t\t\t\t\t\t\t\t<div class=\"pp-image-slider-thumb-item-wrap pp-swiper-slide swiper-slide\">\n\t\t\t\t<a data-elementor-open-lightbox=\"no\" data-fancybox=\"pp-image-slider-af27fd4\" data-src=\"https:\/\/orleansprestigegardensheds.com\/wp-content\/uploads\/2022\/12\/fspin_01.jpg\" class=\"pp-image-slider-slide-link\"><div class=\"pp-image-slider-thumb-item pp-image pp-ins-filter-hover\"><div class=\"pp-image-slider-thumb-image pp-ins-filter-target\" style=\"background-image:url(https:\/\/orleansprestigegardensheds.com\/wp-content\/uploads\/2022\/12\/fspin_01.jpg)\"><img decoding=\"async\" src=\"https:\/\/orleansprestigegardensheds.com\/wp-content\/uploads\/2022\/12\/fspin_01.jpg\" alt=\"fspin_01\" \/><\/div><div class=\"pp-image-slider-thumb-overlay pp-media-overlay\"><\/div><\/div><\/a>\t\t\t<\/div>\n\t\t\t\t\t\t<div class=\"pp-image-slider-thumb-item-wrap pp-swiper-slide swiper-slide\">\n\t\t\t\t<a data-elementor-open-lightbox=\"no\" data-fancybox=\"pp-image-slider-af27fd4\" data-src=\"https:\/\/orleansprestigegardensheds.com\/wp-content\/uploads\/2022\/12\/windspinners-virevent-1.jpg\" class=\"pp-image-slider-slide-link\"><div class=\"pp-image-slider-thumb-item pp-image pp-ins-filter-hover\"><div class=\"pp-image-slider-thumb-image pp-ins-filter-target\" style=\"background-image:url(https:\/\/orleansprestigegardensheds.com\/wp-content\/uploads\/2022\/12\/windspinners-virevent-1.jpg)\"><img decoding=\"async\" src=\"https:\/\/orleansprestigegardensheds.com\/wp-content\/uploads\/2022\/12\/windspinners-virevent-1.jpg\" alt=\"windspinners-virevent-1\" \/><\/div><div class=\"pp-image-slider-thumb-overlay pp-media-overlay\"><\/div><\/div><\/a>\t\t\t<\/div>\n\t\t\t\t\t\t<div class=\"pp-image-slider-thumb-item-wrap pp-swiper-slide swiper-slide\">\n\t\t\t\t<a data-elementor-open-lightbox=\"no\" data-fancybox=\"pp-image-slider-af27fd4\" data-src=\"https:\/\/orleansprestigegardensheds.com\/wp-content\/uploads\/2022\/12\/1-premier-kite-opgs-1.jpg\" class=\"pp-image-slider-slide-link\"><div class=\"pp-image-slider-thumb-item pp-image pp-ins-filter-hover\"><div class=\"pp-image-slider-thumb-image pp-ins-filter-target\" style=\"background-image:url(https:\/\/orleansprestigegardensheds.com\/wp-content\/uploads\/2022\/12\/1-premier-kite-opgs-1.jpg)\"><img decoding=\"async\" src=\"https:\/\/orleansprestigegardensheds.com\/wp-content\/uploads\/2022\/12\/1-premier-kite-opgs-1.jpg\" alt=\"1-premier-kite-opgs-1\" \/><\/div><div class=\"pp-image-slider-thumb-overlay pp-media-overlay\"><\/div><\/div><\/a>\t\t\t<\/div>\n\t\t\t\t\t\t<div class=\"pp-image-slider-thumb-item-wrap pp-swiper-slide swiper-slide\">\n\t\t\t\t<a data-elementor-open-lightbox=\"no\" data-fancybox=\"pp-image-slider-af27fd4\" data-src=\"https:\/\/orleansprestigegardensheds.com\/wp-content\/uploads\/2022\/12\/party_01.jpg\" class=\"pp-image-slider-slide-link\"><div class=\"pp-image-slider-thumb-item pp-image pp-ins-filter-hover\"><div class=\"pp-image-slider-thumb-image pp-ins-filter-target\" style=\"background-image:url(https:\/\/orleansprestigegardensheds.com\/wp-content\/uploads\/2022\/12\/party_01.jpg)\"><img decoding=\"async\" src=\"https:\/\/orleansprestigegardensheds.com\/wp-content\/uploads\/2022\/12\/party_01.jpg\" alt=\"party_01\" \/><\/div><div class=\"pp-image-slider-thumb-overlay pp-media-overlay\"><\/div><\/div><\/a>\t\t\t<\/div>\n\t\t\t\t\t\t<div class=\"pp-image-slider-thumb-item-wrap pp-swiper-slide swiper-slide\">\n\t\t\t\t<a data-elementor-open-lightbox=\"no\" data-fancybox=\"pp-image-slider-af27fd4\" data-src=\"https:\/\/orleansprestigegardensheds.com\/wp-content\/uploads\/2022\/12\/commercial_01.jpg\" class=\"pp-image-slider-slide-link\"><div class=\"pp-image-slider-thumb-item pp-image pp-ins-filter-hover\"><div class=\"pp-image-slider-thumb-image pp-ins-filter-target\" style=\"background-image:url(https:\/\/orleansprestigegardensheds.com\/wp-content\/uploads\/2022\/12\/commercial_01.jpg)\"><img decoding=\"async\" src=\"https:\/\/orleansprestigegardensheds.com\/wp-content\/uploads\/2022\/12\/commercial_01.jpg\" alt=\"commercial_01\" \/><\/div><div class=\"pp-image-slider-thumb-overlay pp-media-overlay\"><\/div><\/div><\/a>\t\t\t<\/div>\n\t\t\t\t\t\t<div class=\"pp-image-slider-thumb-item-wrap pp-swiper-slide swiper-slide\">\n\t\t\t\t<a data-elementor-open-lightbox=\"no\" data-fancybox=\"pp-image-slider-af27fd4\" data-src=\"https:\/\/orleansprestigegardensheds.com\/wp-content\/uploads\/2022\/12\/windspinners-virevent-2.jpg\" class=\"pp-image-slider-slide-link\"><div class=\"pp-image-slider-thumb-item pp-image pp-ins-filter-hover\"><div class=\"pp-image-slider-thumb-image pp-ins-filter-target\" style=\"background-image:url(https:\/\/orleansprestigegardensheds.com\/wp-content\/uploads\/2022\/12\/windspinners-virevent-2.jpg)\"><img decoding=\"async\" src=\"https:\/\/orleansprestigegardensheds.com\/wp-content\/uploads\/2022\/12\/windspinners-virevent-2.jpg\" alt=\"windspinners-virevent-2\" \/><\/div><div class=\"pp-image-slider-thumb-overlay pp-media-overlay\"><\/div><\/div><\/a>\t\t\t<\/div>\n\t\t\t\t\t\t<div class=\"pp-image-slider-thumb-item-wrap pp-swiper-slide swiper-slide\">\n\t\t\t\t<a data-elementor-open-lightbox=\"no\" data-fancybox=\"pp-image-slider-af27fd4\" data-src=\"https:\/\/orleansprestigegardensheds.com\/wp-content\/uploads\/2022\/12\/fun_01.jpg\" class=\"pp-image-slider-slide-link\"><div class=\"pp-image-slider-thumb-item pp-image pp-ins-filter-hover\"><div class=\"pp-image-slider-thumb-image pp-ins-filter-target\" style=\"background-image:url(https:\/\/orleansprestigegardensheds.com\/wp-content\/uploads\/2022\/12\/fun_01.jpg)\"><img decoding=\"async\" src=\"https:\/\/orleansprestigegardensheds.com\/wp-content\/uploads\/2022\/12\/fun_01.jpg\" alt=\"fun_01\" \/><\/div><div class=\"pp-image-slider-thumb-overlay pp-media-overlay\"><\/div><\/div><\/a>\t\t\t<\/div>\n\t\t\t\t\t\t<div class=\"pp-image-slider-thumb-item-wrap pp-swiper-slide swiper-slide\">\n\t\t\t\t<a data-elementor-open-lightbox=\"no\" data-fancybox=\"pp-image-slider-af27fd4\" data-src=\"https:\/\/orleansprestigegardensheds.com\/wp-content\/uploads\/2022\/12\/twin_01.jpg\" class=\"pp-image-slider-slide-link\"><div class=\"pp-image-slider-thumb-item pp-image pp-ins-filter-hover\"><div class=\"pp-image-slider-thumb-image pp-ins-filter-target\" style=\"background-image:url(https:\/\/orleansprestigegardensheds.com\/wp-content\/uploads\/2022\/12\/twin_01.jpg)\"><img decoding=\"async\" src=\"https:\/\/orleansprestigegardensheds.com\/wp-content\/uploads\/2022\/12\/twin_01.jpg\" alt=\"twin_01\" \/><\/div><div class=\"pp-image-slider-thumb-overlay pp-media-overlay\"><\/div><\/div><\/a>\t\t\t<\/div>\n\t\t\t\t\t\t\t\t\t<\/div>\n\t\t\t\t\t<\/div>\n\t\t\t\t\t\t\t\t\t<div class=\"pp-slider-arrow elementor-swiper-button-prev swiper-button-prev-af27fd4\" role=\"button\" tabindex=\"0\">\n\t\t\t\t\t<i aria-hidden=\"true\" class=\"fas fa-angle-left\"><\/i>\t\t\t\t<\/div>\n\t\t\t\t<div class=\"pp-slider-arrow elementor-swiper-button-next swiper-button-next-af27fd4\" role=\"button\" tabindex=\"0\">\n\t\t\t\t\t<i aria-hidden=\"true\" class=\"fas fa-angle-right\"><\/i>\t\t\t\t<\/div>\n\t\t\t\t\t\t\t<\/div>\n\t\t\t<\/div>\n\t\t\t\t\t<\/div>\n\t\t\t\t\t\t\t<\/div>\n\t\t\t\t<\/div>\n\t\t\t\t\t<\/div>\n\t\t<\/div>\n\t\t\t\t\t<\/div>\n\t\t<\/section>\n\t\t\t\t<section class=\"elementor-section elementor-top-section elementor-element elementor-element-c4003d0 elementor-section-full_width elementor-section-height-default elementor-section-height-default\" data-id=\"c4003d0\" data-element_type=\"section\" data-e-type=\"section\">\n\t\t\t\t\t\t<div class=\"elementor-container elementor-column-gap-no\">\n\t\t\t\t\t<div class=\"elementor-column elementor-col-100 elementor-top-column elementor-element elementor-element-2e7d65f\" data-id=\"2e7d65f\" data-element_type=\"column\" data-e-type=\"column\">\n\t\t\t<div class=\"elementor-widget-wrap elementor-element-populated\">\n\t\t\t\t\t\t<div class=\"elementor-element elementor-element-e495746 elementor-widget elementor-widget-template\" data-id=\"e495746\" data-element_type=\"widget\" data-e-type=\"widget\" data-widget_type=\"template.default\">\n\t\t\t\t<div class=\"elementor-widget-container\">\n\t\t\t\t\t\t\t<div class=\"elementor-template\">\n\t\t\t\t\t<div data-elementor-type=\"section\" data-elementor-id=\"5817\" class=\"elementor elementor-5817\" data-elementor-post-type=\"elementor_library\">\n\t\t\t\t\t<section class=\"elementor-section elementor-top-section elementor-element elementor-element-13890482 elementor-section-boxed elementor-section-height-default elementor-section-height-default\" data-id=\"13890482\" data-element_type=\"section\" data-e-type=\"section\" data-settings=\"{&quot;background_background&quot;:&quot;classic&quot;,&quot;background_motion_fx_motion_fx_scrolling&quot;:&quot;yes&quot;,&quot;background_motion_fx_translateY_effect&quot;:&quot;yes&quot;,&quot;background_motion_fx_translateY_direction&quot;:&quot;negative&quot;,&quot;motion_fx_motion_fx_scrolling&quot;:&quot;yes&quot;,&quot;background_motion_fx_translateY_speed&quot;:{&quot;unit&quot;:&quot;px&quot;,&quot;size&quot;:4,&quot;sizes&quot;:[]},&quot;background_motion_fx_translateY_affectedRange&quot;:{&quot;unit&quot;:&quot;%&quot;,&quot;size&quot;:&quot;&quot;,&quot;sizes&quot;:{&quot;start&quot;:0,&quot;end&quot;:100}},&quot;background_motion_fx_devices&quot;:[&quot;desktop&quot;,&quot;tablet&quot;,&quot;mobile&quot;],&quot;motion_fx_devices&quot;:[&quot;desktop&quot;,&quot;tablet&quot;,&quot;mobile&quot;]}\">\n\t\t\t\t\t\t\t<div class=\"elementor-background-overlay\"><\/div>\n\t\t\t\t\t\t\t<div class=\"elementor-container elementor-column-gap-default\">\n\t\t\t\t\t<div class=\"elementor-column elementor-col-100 elementor-top-column elementor-element elementor-element-37839493\" data-id=\"37839493\" data-element_type=\"column\" data-e-type=\"column\">\n\t\t\t<div class=\"elementor-widget-wrap elementor-element-populated\">\n\t\t\t\t\t\t<div class=\"elementor-element elementor-element-7ba1194a elementor-widget elementor-widget-text-editor\" data-id=\"7ba1194a\" data-element_type=\"widget\" data-e-type=\"widget\" data-widget_type=\"text-editor.default\">\n\t\t\t\t<div class=\"elementor-widget-container\">\n\t\t\t\t\t\t\t\t\tPour obtenir une soumission\t\t\t\t\t\t\t\t<\/div>\n\t\t\t\t<\/div>\n\t\t\t\t<div class=\"elementor-element elementor-element-3c5915f6 elementor-align-center elementor-icon-list--layout-traditional elementor-list-item-link-full_width elementor-widget elementor-widget-icon-list\" data-id=\"3c5915f6\" data-element_type=\"widget\" data-e-type=\"widget\" data-widget_type=\"icon-list.default\">\n\t\t\t\t<div class=\"elementor-widget-container\">\n\t\t\t\t\t\t\t<ul class=\"elementor-icon-list-items\">\n\t\t\t\t\t\t\t<li class=\"elementor-icon-list-item\">\n\t\t\t\t\t\t\t\t\t\t\t<a href=\"tel:613-830-1167\">\n\n\t\t\t\t\t\t\t\t\t\t\t\t<span class=\"elementor-icon-list-icon\">\n\t\t\t\t\t\t\t<i aria-hidden=\"true\" class=\"fas fa-phone-alt\"><\/i>\t\t\t\t\t\t<\/span>\n\t\t\t\t\t\t\t\t\t\t<span class=\"elementor-icon-list-text\">613 830-1167<\/span>\n\t\t\t\t\t\t\t\t\t\t\t<\/a>\n\t\t\t\t\t\t\t\t\t<\/li>\n\t\t\t\t\t\t<\/ul>\n\t\t\t\t\t\t<\/div>\n\t\t\t\t<\/div>\n\t\t\t\t<div class=\"elementor-element elementor-element-4b45bb22 elementor-align-center elementor-widget elementor-widget-button\" data-id=\"4b45bb22\" data-element_type=\"widget\" data-e-type=\"widget\" data-widget_type=\"button.default\">\n\t\t\t\t<div class=\"elementor-widget-container\">\n\t\t\t\t\t\t\t\t\t<div class=\"elementor-button-wrapper\">\n\t\t\t\t\t<a class=\"elementor-button elementor-button-link elementor-size-xl\" href=\"https:\/\/orleansprestigegardensheds.com\/fr\/soumission\/\">\n\t\t\t\t\t\t<span class=\"elementor-button-content-wrapper\">\n\t\t\t\t\t\t\t\t\t<span class=\"elementor-button-text\">SOUMISSION EN LIGNE<\/span>\n\t\t\t\t\t<\/span>\n\t\t\t\t\t<\/a>\n\t\t\t\t<\/div>\n\t\t\t\t\t\t\t\t<\/div>\n\t\t\t\t<\/div>\n\t\t\t\t\t<\/div>\n\t\t<\/div>\n\t\t\t\t\t<\/div>\n\t\t<\/section>\n\t\t\t\t<\/div>\n\t\t\t\t<\/div>\n\t\t\t\t\t\t<\/div>\n\t\t\t\t<\/div>\n\t\t\t\t\t<\/div>\n\t\t<\/div>\n\t\t\t\t\t<\/div>\n\t\t<\/section>\n\t\t\t\t<\/div>\n\t\t","protected":false},"excerpt":{"rendered":"<p>Premier Kite Design Fond\u00e9e en 1983, Premier Kites &amp; Designs, une division de Primus Inc., est un leader dans le domaine du cerf-volant, l&rsquo;art du jardin et de la maison. La ligne WindGarden est impressionnante. Elle offre des centaines de virevent de jardin, fileurs de vent et banni\u00e8res, fabriqu\u00e9s avec Suntex\u2122, un tissu r\u00e9sistant \u00e0&#8230;<\/p>\n","protected":false},"author":4,"featured_media":0,"parent":0,"menu_order":0,"comment_status":"closed","ping_status":"closed","template":"elementor_header_footer","meta":{"footnotes":""},"class_list":["post-6310","page","type-page","status-publish","hentry"],"aioseo_notices":[],"_links":{"self":[{"href":"https:\/\/orleansprestigegardensheds.com\/fr\/wp-json\/wp\/v2\/pages\/6310","targetHints":{"allow":["GET"]}}],"collection":[{"href":"https:\/\/orleansprestigegardensheds.com\/fr\/wp-json\/wp\/v2\/pages"}],"about":[{"href":"https:\/\/orleansprestigegardensheds.com\/fr\/wp-json\/wp\/v2\/types\/page"}],"author":[{"embeddable":true,"href":"https:\/\/orleansprestigegardensheds.com\/fr\/wp-json\/wp\/v2\/users\/4"}],"replies":[{"embeddable":true,"href":"https:\/\/orleansprestigegardensheds.com\/fr\/wp-json\/wp\/v2\/comments?post=6310"}],"version-history":[{"count":41,"href":"https:\/\/orleansprestigegardensheds.com\/fr\/wp-json\/wp\/v2\/pages\/6310\/revisions"}],"predecessor-version":[{"id":7920,"href":"https:\/\/orleansprestigegardensheds.com\/fr\/wp-json\/wp\/v2\/pages\/6310\/revisions\/7920"}],"wp:attachment":[{"href":"https:\/\/orleansprestigegardensheds.com\/fr\/wp-json\/wp\/v2\/media?parent=6310"}],"curies":[{"name":"wp","href":"https:\/\/api.w.org\/{rel}","templated":true}]}}